{"id":268,"date":"2024-04-29T04:42:57","date_gmt":"2024-04-29T04:42:57","guid":{"rendered":"https:\/\/umiblue.be\/contact\/"},"modified":"2024-10-01T17:00:42","modified_gmt":"2024-10-01T17:00:42","slug":"contact","status":"publish","type":"page","link":"https:\/\/umiblue.be\/fr\/contact\/","title":{"rendered":"Contact"},"content":{"rendered":"\t\t<div data-elementor-type=\"wp-page\" data-elementor-id=\"268\" class=\"elementor elementor-268 elementor-20\" data-elementor-post-type=\"page\">\n\t\t\t\t<div class=\"elementor-element elementor-element-73db5fb e-flex e-con-boxed e-con e-parent\" data-id=\"73db5fb\" data-element_type=\"container\" data-e-type=\"container\">\n\t\t\t\t\t<div class=\"e-con-inner\">\n\t\t<div class=\"elementor-element elementor-element-ab43361 e-con-full e-flex e-con e-child\" data-id=\"ab43361\" data-element_type=\"container\" data-e-type=\"container\">\n\t\t\t\t<div class=\"elementor-element elementor-element-ca95aca elementor-hidden-mobile elementor-widget elementor-widget-image\" data-id=\"ca95aca\" data-element_type=\"widget\" data-e-type=\"widget\" data-widget_type=\"image.default\">\n\t\t\t\t<div class=\"elementor-widget-container\">\n\t\t\t\t\t\t\t\t\t\t\t\t\t\t\t<img fetchpriority=\"high\" decoding=\"async\" width=\"745\" height=\"1024\" src=\"https:\/\/umiblue.be\/wp-content\/uploads\/2024\/04\/UmiBlue-logo-745x1024.png\" class=\"attachment-large size-large wp-image-28\" alt=\"\" srcset=\"https:\/\/umiblue.be\/wp-content\/uploads\/2024\/04\/UmiBlue-logo-745x1024.png 745w, https:\/\/umiblue.be\/wp-content\/uploads\/2024\/04\/UmiBlue-logo-218x300.png 218w, https:\/\/umiblue.be\/wp-content\/uploads\/2024\/04\/UmiBlue-logo-768x1056.png 768w, https:\/\/umiblue.be\/wp-content\/uploads\/2024\/04\/UmiBlue-logo.png 873w\" sizes=\"(max-width: 745px) 100vw, 745px\" \/>\t\t\t\t\t\t\t\t\t\t\t\t\t\t\t<\/div>\n\t\t\t\t<\/div>\n\t\t\t\t<div class=\"elementor-element elementor-element-64796c9 elementor-widget__width-initial elementor-widget-mobile__width-inherit elementor-widget elementor-widget-heading\" data-id=\"64796c9\" data-element_type=\"widget\" data-e-type=\"widget\" data-widget_type=\"heading.default\">\n\t\t\t\t<div class=\"elementor-widget-container\">\n\t\t\t\t\t<h1 class=\"elementor-heading-title elementor-size-default\">Contactez nous<\/h1>\t\t\t\t<\/div>\n\t\t\t\t<\/div>\n\t\t\t\t<div class=\"elementor-element elementor-element-77b78fb elementor-widget__width-initial elementor-widget-mobile__width-inherit elementor-widget elementor-widget-text-editor\" data-id=\"77b78fb\" data-element_type=\"widget\" data-e-type=\"widget\" data-widget_type=\"text-editor.default\">\n\t\t\t\t<div class=\"elementor-widget-container\">\n\t\t\t\t\t\t\t\t\t<p>Vous avez des questions ou des commentaires ? N&rsquo;h\u00e9sitez pas \u00e0 nous en faire part ! Contactez notre \u00e9quipe pour tous vos besoins en mati\u00e8re de r\u00e9novation et d&rsquo;am\u00e9nagement int\u00e9rieur. Ensemble, nous ferons de vos r\u00eaves une r\u00e9alit\u00e9. Vous pouvez nous joindre par t\u00e9l\u00e9phone, nous envoyer un courriel ou remplir le formulaire. Nous nous r\u00e9jouissons d&rsquo;avoir de vos nouvelles !<\/p>\n\t\t\t\t\t\t\t\t<\/div>\n\t\t\t\t<\/div>\n\t\t\t\t<\/div>\n\t\t<div class=\"elementor-element elementor-element-db958f0 e-con-full e-flex e-con e-child\" data-id=\"db958f0\" data-element_type=\"container\" data-e-type=\"container\">\n\t\t\t\t<div class=\"elementor-element elementor-element-29e4f02 elementor-button-align-start elementor-mobile-button-align-center elementor-widget elementor-widget-form\" data-id=\"29e4f02\" data-element_type=\"widget\" data-e-type=\"widget\" data-settings=\"{&quot;step_next_label&quot;:&quot;Next&quot;,&quot;step_previous_label&quot;:&quot;Previous&quot;,&quot;button_width&quot;:&quot;100&quot;,&quot;step_type&quot;:&quot;number_text&quot;,&quot;step_icon_shape&quot;:&quot;circle&quot;}\" data-widget_type=\"form.default\">\n\t\t\t\t<div class=\"elementor-widget-container\">\n\t\t\t\t\t\t\t<form class=\"elementor-form\" method=\"post\" name=\"Contact\" aria-label=\"Contact\" novalidate=\"\">\n\t\t\t<input type=\"hidden\" name=\"post_id\" value=\"268\"\/>\n\t\t\t<input type=\"hidden\" name=\"form_id\" value=\"29e4f02\"\/>\n\t\t\t<input type=\"hidden\" name=\"referer_title\" value=\"UmiBlue\" \/>\n\n\t\t\t\n\t\t\t<div class=\"elementor-form-fields-wrapper elementor-labels-above\">\n\t\t\t\t\t\t\t\t<div class=\"elementor-field-type-text elementor-field-group elementor-column elementor-field-group-name elementor-col-100 elementor-field-required elementor-mark-required\">\n\t\t\t\t\t\t\t\t\t\t\t\t<label for=\"form-field-name\" class=\"elementor-field-label\">\n\t\t\t\t\t\t\t\tNom\t\t\t\t\t\t\t<\/label>\n\t\t\t\t\t\t\t\t\t\t\t\t\t\t<input size=\"1\" type=\"text\" name=\"form_fields[name]\" id=\"form-field-name\" class=\"elementor-field elementor-size-sm  elementor-field-textual\" placeholder=\"Entrez votre nom.\" required=\"required\">\n\t\t\t\t\t\t\t\t\t\t\t<\/div>\n\t\t\t\t\t\t\t\t<div class=\"elementor-field-type-email elementor-field-group elementor-column elementor-field-group-email elementor-col-50 elementor-field-required elementor-mark-required\">\n\t\t\t\t\t\t\t\t\t\t\t\t<label for=\"form-field-email\" class=\"elementor-field-label\">\n\t\t\t\t\t\t\t\tE-mail\t\t\t\t\t\t\t<\/label>\n\t\t\t\t\t\t\t\t\t\t\t\t\t\t<input size=\"1\" type=\"email\" name=\"form_fields[email]\" id=\"form-field-email\" class=\"elementor-field elementor-size-sm  elementor-field-textual\" placeholder=\"Entrez votre adresse e-mail.\" required=\"required\">\n\t\t\t\t\t\t\t\t\t\t\t<\/div>\n\t\t\t\t\t\t\t\t<div class=\"elementor-field-type-text elementor-field-group elementor-column elementor-field-group-field_f960df0 elementor-col-50\">\n\t\t\t\t\t\t\t\t\t\t\t\t<label for=\"form-field-field_f960df0\" class=\"elementor-field-label\">\n\t\t\t\t\t\t\t\tT\u00e9l\u00e9phone\t\t\t\t\t\t\t<\/label>\n\t\t\t\t\t\t\t\t\t\t\t\t\t\t<input size=\"1\" type=\"text\" name=\"form_fields[field_f960df0]\" id=\"form-field-field_f960df0\" class=\"elementor-field elementor-size-sm  elementor-field-textual\" placeholder=\"Entrez votre num\u00e9ro de t\u00e9l\u00e9phone.\">\n\t\t\t\t\t\t\t\t\t\t\t<\/div>\n\t\t\t\t\t\t\t\t<div class=\"elementor-field-type-text elementor-field-group elementor-column elementor-field-group-field_be1990a elementor-col-100 elementor-field-required elementor-mark-required\">\n\t\t\t\t\t\t\t\t\t\t\t\t<label for=\"form-field-field_be1990a\" class=\"elementor-field-label\">\n\t\t\t\t\t\t\t\tSujet\t\t\t\t\t\t\t<\/label>\n\t\t\t\t\t\t\t\t\t\t\t\t\t\t<input size=\"1\" type=\"text\" name=\"form_fields[field_be1990a]\" id=\"form-field-field_be1990a\" class=\"elementor-field elementor-size-sm  elementor-field-textual\" placeholder=\"Que pouvons-nous faire pour vous ?\" required=\"required\">\n\t\t\t\t\t\t\t\t\t\t\t<\/div>\n\t\t\t\t\t\t\t\t<div class=\"elementor-field-type-textarea elementor-field-group elementor-column elementor-field-group-message elementor-col-100 elementor-field-required elementor-mark-required\">\n\t\t\t\t\t\t\t\t\t\t\t\t<label for=\"form-field-message\" class=\"elementor-field-label\">\n\t\t\t\t\t\t\t\tMessage\t\t\t\t\t\t\t<\/label>\n\t\t\t\t\t\t<textarea class=\"elementor-field-textual elementor-field  elementor-size-sm\" name=\"form_fields[message]\" id=\"form-field-message\" rows=\"5\" placeholder=\"Notez vos questions ici.\" required=\"required\"><\/textarea>\t\t\t\t<\/div>\n\t\t\t\t\t\t\t\t<div class=\"elementor-field-type-text\">\n\t\t\t\t\t<input size=\"1\" type=\"text\" name=\"form_fields[field_09a82a4]\" id=\"form-field-field_09a82a4\" class=\"elementor-field elementor-size-sm \" style=\"display:none !important;\">\t\t\t\t<\/div>\n\t\t\t\t\t\t\t\t<div class=\"elementor-field-type-recaptcha_v3 elementor-field-group elementor-column elementor-field-group-field_a148a76 elementor-col-100 recaptcha_v3-bottomright\">\n\t\t\t\t\t<div class=\"elementor-field\" id=\"form-field-field_a148a76\"><div class=\"elementor-g-recaptcha\" data-sitekey=\"6LctmOwpAAAAAFC8lZ9dNOvaFxSsOaEcWZZxHzmR\" data-type=\"v3\" data-action=\"Form\" data-badge=\"bottomright\" data-size=\"invisible\"><\/div><\/div>\t\t\t\t<\/div>\n\t\t\t\t\t\t\t\t<div class=\"elementor-field-group elementor-column elementor-field-type-submit elementor-col-100 e-form__buttons\">\n\t\t\t\t\t<button class=\"elementor-button elementor-size-sm\" type=\"submit\">\n\t\t\t\t\t\t<span class=\"elementor-button-content-wrapper\">\n\t\t\t\t\t\t\t\t\t\t\t\t\t\t\t\t\t\t\t\t\t\t<span class=\"elementor-button-text\">Envoyer<\/span>\n\t\t\t\t\t\t\t\t\t\t\t\t\t<\/span>\n\t\t\t\t\t<\/button>\n\t\t\t\t<\/div>\n\t\t\t<\/div>\n\t\t<\/form>\n\t\t\t\t\t\t<\/div>\n\t\t\t\t<\/div>\n\t\t\t\t<\/div>\n\t\t\t\t\t<\/div>\n\t\t\t\t<\/div>\n\t\t<div class=\"elementor-element elementor-element-5a06354 e-flex e-con-boxed e-con e-parent\" data-id=\"5a06354\" data-element_type=\"container\" data-e-type=\"container\" data-settings=\"{&quot;background_background&quot;:&quot;classic&quot;}\">\n\t\t\t\t\t<div class=\"e-con-inner\">\n\t\t\t\t<div class=\"elementor-element elementor-element-400a181 elementor-widget-tablet__width-initial elementor-widget-mobile__width-inherit elementor-view-default elementor-position-block-start elementor-mobile-position-block-start elementor-widget elementor-widget-icon-box\" data-id=\"400a181\" data-element_type=\"widget\" data-e-type=\"widget\" data-widget_type=\"icon-box.default\">\n\t\t\t\t<div class=\"elementor-widget-container\">\n\t\t\t\t\t\t\t<div class=\"elementor-icon-box-wrapper\">\n\n\t\t\t\t\t\t<div class=\"elementor-icon-box-icon\">\n\t\t\t\t<a href=\"https:\/\/maps.app.goo.gl\/tada91PQTMfmGHQS7\" target=\"_blank\" class=\"elementor-icon\" tabindex=\"-1\" aria-label=\"Adresse\">\n\t\t\t\t<i aria-hidden=\"true\" class=\"icon icon-map-marker1\"><\/i>\t\t\t\t<\/a>\n\t\t\t<\/div>\n\t\t\t\n\t\t\t\t\t\t<div class=\"elementor-icon-box-content\">\n\n\t\t\t\t\t\t\t\t\t<h3 class=\"elementor-icon-box-title\">\n\t\t\t\t\t\t<a href=\"https:\/\/maps.app.goo.gl\/tada91PQTMfmGHQS7\" target=\"_blank\" >\n\t\t\t\t\t\t\tAdresse\t\t\t\t\t\t<\/a>\n\t\t\t\t\t<\/h3>\n\t\t\t\t\n\t\t\t\t\t\t\t\t\t<p class=\"elementor-icon-box-description\">\n\t\t\t\t\t\tZeedijk - Het Zoute 714, 8300 Knokke-Heist\r\n\t\t\t\t\t<\/p>\n\t\t\t\t\n\t\t\t<\/div>\n\t\t\t\n\t\t<\/div>\n\t\t\t\t\t\t<\/div>\n\t\t\t\t<\/div>\n\t\t\t\t<div class=\"elementor-element elementor-element-ab552e8 elementor-widget-tablet__width-initial elementor-widget-mobile__width-inherit elementor-view-default elementor-position-block-start elementor-mobile-position-block-start elementor-widget elementor-widget-icon-box\" data-id=\"ab552e8\" data-element_type=\"widget\" data-e-type=\"widget\" data-widget_type=\"icon-box.default\">\n\t\t\t\t<div class=\"elementor-widget-container\">\n\t\t\t\t\t\t\t<div class=\"elementor-icon-box-wrapper\">\n\n\t\t\t\t\t\t<div class=\"elementor-icon-box-icon\">\n\t\t\t\t<a href=\"tel:0032478583737\" class=\"elementor-icon\" tabindex=\"-1\" aria-label=\"Mobile\">\n\t\t\t\t<i aria-hidden=\"true\" class=\"icon icon-smartphone2\"><\/i>\t\t\t\t<\/a>\n\t\t\t<\/div>\n\t\t\t\n\t\t\t\t\t\t<div class=\"elementor-icon-box-content\">\n\n\t\t\t\t\t\t\t\t\t<h3 class=\"elementor-icon-box-title\">\n\t\t\t\t\t\t<a href=\"tel:0032478583737\" >\n\t\t\t\t\t\t\tMobile\t\t\t\t\t\t<\/a>\n\t\t\t\t\t<\/h3>\n\t\t\t\t\n\t\t\t\t\t\t\t\t\t<p class=\"elementor-icon-box-description\">\n\t\t\t\t\t\t+32 478 58 37 37\t\t\t\t\t<\/p>\n\t\t\t\t\n\t\t\t<\/div>\n\t\t\t\n\t\t<\/div>\n\t\t\t\t\t\t<\/div>\n\t\t\t\t<\/div>\n\t\t\t\t<div class=\"elementor-element elementor-element-a394aa4 elementor-widget-tablet__width-initial elementor-widget-mobile__width-inherit elementor-view-default elementor-position-block-start elementor-mobile-position-block-start elementor-widget elementor-widget-icon-box\" data-id=\"a394aa4\" data-element_type=\"widget\" data-e-type=\"widget\" data-widget_type=\"icon-box.default\">\n\t\t\t\t<div class=\"elementor-widget-container\">\n\t\t\t\t\t\t\t<div class=\"elementor-icon-box-wrapper\">\n\n\t\t\t\t\t\t<div class=\"elementor-icon-box-icon\">\n\t\t\t\t<a href=\"mailto:welcome@umiblue.be\" class=\"elementor-icon\" tabindex=\"-1\" aria-label=\"E-mail\">\n\t\t\t\t<i aria-hidden=\"true\" class=\"icon icon-envelope11\"><\/i>\t\t\t\t<\/a>\n\t\t\t<\/div>\n\t\t\t\n\t\t\t\t\t\t<div class=\"elementor-icon-box-content\">\n\n\t\t\t\t\t\t\t\t\t<h3 class=\"elementor-icon-box-title\">\n\t\t\t\t\t\t<a href=\"mailto:welcome@umiblue.be\" >\n\t\t\t\t\t\t\tE-mail\t\t\t\t\t\t<\/a>\n\t\t\t\t\t<\/h3>\n\t\t\t\t\n\t\t\t\t\t\t\t\t\t<p class=\"elementor-icon-box-description\">\n\t\t\t\t\t\twelcome@umiblue.be\t\t\t\t\t<\/p>\n\t\t\t\t\n\t\t\t<\/div>\n\t\t\t\n\t\t<\/div>\n\t\t\t\t\t\t<\/div>\n\t\t\t\t<\/div>\n\t\t\t\t<div class=\"elementor-element elementor-element-57d510c elementor-widget-tablet__width-initial elementor-widget-mobile__width-inherit elementor-view-default elementor-position-block-start elementor-mobile-position-block-start elementor-widget elementor-widget-icon-box\" data-id=\"57d510c\" data-element_type=\"widget\" data-e-type=\"widget\" data-widget_type=\"icon-box.default\">\n\t\t\t\t<div class=\"elementor-widget-container\">\n\t\t\t\t\t\t\t<div class=\"elementor-icon-box-wrapper\">\n\n\t\t\t\t\t\t<div class=\"elementor-icon-box-icon\">\n\t\t\t\t<span  class=\"elementor-icon\">\n\t\t\t\t<i aria-hidden=\"true\" class=\"icon icon-envelope11\"><\/i>\t\t\t\t<\/span>\n\t\t\t<\/div>\n\t\t\t\n\t\t\t\t\t\t<div class=\"elementor-icon-box-content\">\n\n\t\t\t\t\t\t\t\t\t<h3 class=\"elementor-icon-box-title\">\n\t\t\t\t\t\t<span  >\n\t\t\t\t\t\t\tNum\u00e9ro de TVA\t\t\t\t\t\t<\/span>\n\t\t\t\t\t<\/h3>\n\t\t\t\t\n\t\t\t\t\t\t\t\t\t<p class=\"elementor-icon-box-description\">\n\t\t\t\t\t\tBE0434449142\t\t\t\t\t<\/p>\n\t\t\t\t\n\t\t\t<\/div>\n\t\t\t\n\t\t<\/div>\n\t\t\t\t\t\t<\/div>\n\t\t\t\t<\/div>\n\t\t\t\t\t<\/div>\n\t\t\t\t<\/div>\n\t\t<div class=\"elementor-element elementor-element-7e720ac e-flex e-con-boxed e-con e-parent\" data-id=\"7e720ac\" data-element_type=\"container\" data-e-type=\"container\">\n\t\t\t\t\t<div class=\"e-con-inner\">\n\t\t\t\t<div class=\"elementor-element elementor-element-6ade587 elementor-widget elementor-widget-google_maps\" data-id=\"6ade587\" data-element_type=\"widget\" data-e-type=\"widget\" data-widget_type=\"google_maps.default\">\n\t\t\t\t<div class=\"elementor-widget-container\">\n\t\t\t\t\t\t\t<div class=\"elementor-custom-embed\">\n\t\t\t<iframe loading=\"lazy\"\n\t\t\t\t\tsrc=\"https:\/\/maps.google.com\/maps?q=UmiBlue%2C%20Zeedijk%20-%20Het%20Zoute%20714%208300%20Knokke-Heist&#038;t=m&#038;z=12&#038;output=embed&#038;iwloc=near\"\n\t\t\t\t\ttitle=\"UmiBlue, Zeedijk - Het Zoute 714 8300 Knokke-Heist\"\n\t\t\t\t\taria-label=\"UmiBlue, Zeedijk - Het Zoute 714 8300 Knokke-Heist\"\n\t\t\t><\/iframe>\n\t\t<\/div>\n\t\t\t\t\t\t<\/div>\n\t\t\t\t<\/div>\n\t\t\t\t\t<\/div>\n\t\t\t\t<\/div>\n\t\t\t\t<\/div>\n\t\t","protected":false},"excerpt":{"rendered":"<p>Contactez nous Vous avez des questions ou des commentaires ? N&rsquo;h\u00e9sitez pas \u00e0 nous en faire part ! Contactez notre \u00e9quipe pour tous vos besoins en mati\u00e8re de r\u00e9novation et d&rsquo;am\u00e9nagement int\u00e9rieur. Ensemble, nous ferons de vos r\u00eaves une r\u00e9alit\u00e9. Vous pouvez nous joindre par t\u00e9l\u00e9phone, nous envoyer un courriel ou remplir le formulaire. Nous [&hellip;]<\/p>\n","protected":false},"author":1,"featured_media":243,"parent":0,"menu_order":0,"comment_status":"closed","ping_status":"closed","template":"","meta":{"footnotes":""},"class_list":["post-268","page","type-page","status-publish","has-post-thumbnail","hentry"],"yoast_head":"<!-- This site is optimized with the Yoast SEO plugin v27.0 - https:\/\/yoast.com\/product\/yoast-seo-wordpress\/ -->\n<title>Contacter UmiBlue | R\u00e9novation et d\u00e9coration d&#039;int\u00e9rieur \u00e0 Knokke<\/title>\n<meta name=\"description\" content=\"Vous avez des questions ou souhaitez prendre rendez-vous ? Contactez UmiBlue pour tous vos besoins en mati\u00e8re de r\u00e9novation et d&#039;am\u00e9nagement int\u00e9rieur. Nous sommes pr\u00eats \u00e0 vous aider.\" \/>\n<meta name=\"robots\" content=\"index, follow, max-snippet:-1, max-image-preview:large, max-video-preview:-1\" \/>\n<link rel=\"canonical\" href=\"https:\/\/umiblue.be\/fr\/contact\/\" \/>\n<meta property=\"og:locale\" content=\"fr_FR\" \/>\n<meta property=\"og:type\" content=\"article\" \/>\n<meta property=\"og:title\" content=\"Contacter UmiBlue | R\u00e9novation et d\u00e9coration d&#039;int\u00e9rieur \u00e0 Knokke\" \/>\n<meta property=\"og:description\" content=\"Vous avez des questions ou souhaitez prendre rendez-vous ? Contactez UmiBlue pour tous vos besoins en mati\u00e8re de r\u00e9novation et d&#039;am\u00e9nagement int\u00e9rieur. Nous sommes pr\u00eats \u00e0 vous aider.\" \/>\n<meta property=\"og:url\" content=\"https:\/\/umiblue.be\/fr\/contact\/\" \/>\n<meta property=\"og:site_name\" content=\"UmiBlue\" \/>\n<meta property=\"article:modified_time\" content=\"2024-10-01T17:00:42+00:00\" \/>\n<meta property=\"og:image\" content=\"https:\/\/umiblue.be\/wp-content\/uploads\/2024\/04\/favicon.png\" \/>\n\t<meta property=\"og:image:width\" content=\"128\" \/>\n\t<meta property=\"og:image:height\" content=\"130\" \/>\n\t<meta property=\"og:image:type\" content=\"image\/png\" \/>\n<meta name=\"twitter:card\" content=\"summary_large_image\" \/>\n<script type=\"application\/ld+json\" class=\"yoast-schema-graph\">{\"@context\":\"https:\/\/schema.org\",\"@graph\":[{\"@type\":\"WebPage\",\"@id\":\"https:\/\/umiblue.be\/fr\/contact\/\",\"url\":\"https:\/\/umiblue.be\/fr\/contact\/\",\"name\":\"Contacter UmiBlue | R\u00e9novation et d\u00e9coration d'int\u00e9rieur \u00e0 Knokke\",\"isPartOf\":{\"@id\":\"https:\/\/umiblue.be\/fr\/#website\"},\"primaryImageOfPage\":{\"@id\":\"https:\/\/umiblue.be\/fr\/contact\/#primaryimage\"},\"image\":{\"@id\":\"https:\/\/umiblue.be\/fr\/contact\/#primaryimage\"},\"thumbnailUrl\":\"https:\/\/umiblue.be\/wp-content\/uploads\/2024\/04\/favicon.png\",\"datePublished\":\"2024-04-29T04:42:57+00:00\",\"dateModified\":\"2024-10-01T17:00:42+00:00\",\"description\":\"Vous avez des questions ou souhaitez prendre rendez-vous ? Contactez UmiBlue pour tous vos besoins en mati\u00e8re de r\u00e9novation et d'am\u00e9nagement int\u00e9rieur. Nous sommes pr\u00eats \u00e0 vous aider.\",\"breadcrumb\":{\"@id\":\"https:\/\/umiblue.be\/fr\/contact\/#breadcrumb\"},\"inLanguage\":\"fr-BE\",\"potentialAction\":[{\"@type\":\"ReadAction\",\"target\":[\"https:\/\/umiblue.be\/fr\/contact\/\"]}]},{\"@type\":\"ImageObject\",\"inLanguage\":\"fr-BE\",\"@id\":\"https:\/\/umiblue.be\/fr\/contact\/#primaryimage\",\"url\":\"https:\/\/umiblue.be\/wp-content\/uploads\/2024\/04\/favicon.png\",\"contentUrl\":\"https:\/\/umiblue.be\/wp-content\/uploads\/2024\/04\/favicon.png\",\"width\":128,\"height\":130},{\"@type\":\"BreadcrumbList\",\"@id\":\"https:\/\/umiblue.be\/fr\/contact\/#breadcrumb\",\"itemListElement\":[{\"@type\":\"ListItem\",\"position\":1,\"name\":\"Home\",\"item\":\"https:\/\/umiblue.be\/fr\/\"},{\"@type\":\"ListItem\",\"position\":2,\"name\":\"Contact\"}]},{\"@type\":\"WebSite\",\"@id\":\"https:\/\/umiblue.be\/fr\/#website\",\"url\":\"https:\/\/umiblue.be\/fr\/\",\"name\":\"UmiBlue\",\"description\":\"\",\"publisher\":{\"@id\":\"https:\/\/umiblue.be\/fr\/#organization\"},\"potentialAction\":[{\"@type\":\"SearchAction\",\"target\":{\"@type\":\"EntryPoint\",\"urlTemplate\":\"https:\/\/umiblue.be\/fr\/?s={search_term_string}\"},\"query-input\":{\"@type\":\"PropertyValueSpecification\",\"valueRequired\":true,\"valueName\":\"search_term_string\"}}],\"inLanguage\":\"fr-BE\"},{\"@type\":\"Organization\",\"@id\":\"https:\/\/umiblue.be\/fr\/#organization\",\"name\":\"UmiBlue\",\"url\":\"https:\/\/umiblue.be\/fr\/\",\"logo\":{\"@type\":\"ImageObject\",\"inLanguage\":\"fr-BE\",\"@id\":\"https:\/\/umiblue.be\/fr\/#\/schema\/logo\/image\/\",\"url\":\"https:\/\/umiblue.be\/wp-content\/uploads\/2024\/04\/UmiBlue-logo.png\",\"contentUrl\":\"https:\/\/umiblue.be\/wp-content\/uploads\/2024\/04\/UmiBlue-logo.png\",\"width\":873,\"height\":1200,\"caption\":\"UmiBlue\"},\"image\":{\"@id\":\"https:\/\/umiblue.be\/fr\/#\/schema\/logo\/image\/\"}}]}<\/script>\n<!-- \/ Yoast SEO plugin. -->","yoast_head_json":{"title":"Contacter UmiBlue | R\u00e9novation et d\u00e9coration d'int\u00e9rieur \u00e0 Knokke","description":"Vous avez des questions ou souhaitez prendre rendez-vous ? Contactez UmiBlue pour tous vos besoins en mati\u00e8re de r\u00e9novation et d'am\u00e9nagement int\u00e9rieur. Nous sommes pr\u00eats \u00e0 vous aider.","robots":{"index":"index","follow":"follow","max-snippet":"max-snippet:-1","max-image-preview":"max-image-preview:large","max-video-preview":"max-video-preview:-1"},"canonical":"https:\/\/umiblue.be\/fr\/contact\/","og_locale":"fr_FR","og_type":"article","og_title":"Contacter UmiBlue | R\u00e9novation et d\u00e9coration d'int\u00e9rieur \u00e0 Knokke","og_description":"Vous avez des questions ou souhaitez prendre rendez-vous ? Contactez UmiBlue pour tous vos besoins en mati\u00e8re de r\u00e9novation et d'am\u00e9nagement int\u00e9rieur. Nous sommes pr\u00eats \u00e0 vous aider.","og_url":"https:\/\/umiblue.be\/fr\/contact\/","og_site_name":"UmiBlue","article_modified_time":"2024-10-01T17:00:42+00:00","og_image":[{"width":128,"height":130,"url":"https:\/\/umiblue.be\/wp-content\/uploads\/2024\/04\/favicon.png","type":"image\/png"}],"twitter_card":"summary_large_image","schema":{"@context":"https:\/\/schema.org","@graph":[{"@type":"WebPage","@id":"https:\/\/umiblue.be\/fr\/contact\/","url":"https:\/\/umiblue.be\/fr\/contact\/","name":"Contacter UmiBlue | R\u00e9novation et d\u00e9coration d'int\u00e9rieur \u00e0 Knokke","isPartOf":{"@id":"https:\/\/umiblue.be\/fr\/#website"},"primaryImageOfPage":{"@id":"https:\/\/umiblue.be\/fr\/contact\/#primaryimage"},"image":{"@id":"https:\/\/umiblue.be\/fr\/contact\/#primaryimage"},"thumbnailUrl":"https:\/\/umiblue.be\/wp-content\/uploads\/2024\/04\/favicon.png","datePublished":"2024-04-29T04:42:57+00:00","dateModified":"2024-10-01T17:00:42+00:00","description":"Vous avez des questions ou souhaitez prendre rendez-vous ? Contactez UmiBlue pour tous vos besoins en mati\u00e8re de r\u00e9novation et d'am\u00e9nagement int\u00e9rieur. Nous sommes pr\u00eats \u00e0 vous aider.","breadcrumb":{"@id":"https:\/\/umiblue.be\/fr\/contact\/#breadcrumb"},"inLanguage":"fr-BE","potentialAction":[{"@type":"ReadAction","target":["https:\/\/umiblue.be\/fr\/contact\/"]}]},{"@type":"ImageObject","inLanguage":"fr-BE","@id":"https:\/\/umiblue.be\/fr\/contact\/#primaryimage","url":"https:\/\/umiblue.be\/wp-content\/uploads\/2024\/04\/favicon.png","contentUrl":"https:\/\/umiblue.be\/wp-content\/uploads\/2024\/04\/favicon.png","width":128,"height":130},{"@type":"BreadcrumbList","@id":"https:\/\/umiblue.be\/fr\/contact\/#breadcrumb","itemListElement":[{"@type":"ListItem","position":1,"name":"Home","item":"https:\/\/umiblue.be\/fr\/"},{"@type":"ListItem","position":2,"name":"Contact"}]},{"@type":"WebSite","@id":"https:\/\/umiblue.be\/fr\/#website","url":"https:\/\/umiblue.be\/fr\/","name":"UmiBlue","description":"","publisher":{"@id":"https:\/\/umiblue.be\/fr\/#organization"},"potentialAction":[{"@type":"SearchAction","target":{"@type":"EntryPoint","urlTemplate":"https:\/\/umiblue.be\/fr\/?s={search_term_string}"},"query-input":{"@type":"PropertyValueSpecification","valueRequired":true,"valueName":"search_term_string"}}],"inLanguage":"fr-BE"},{"@type":"Organization","@id":"https:\/\/umiblue.be\/fr\/#organization","name":"UmiBlue","url":"https:\/\/umiblue.be\/fr\/","logo":{"@type":"ImageObject","inLanguage":"fr-BE","@id":"https:\/\/umiblue.be\/fr\/#\/schema\/logo\/image\/","url":"https:\/\/umiblue.be\/wp-content\/uploads\/2024\/04\/UmiBlue-logo.png","contentUrl":"https:\/\/umiblue.be\/wp-content\/uploads\/2024\/04\/UmiBlue-logo.png","width":873,"height":1200,"caption":"UmiBlue"},"image":{"@id":"https:\/\/umiblue.be\/fr\/#\/schema\/logo\/image\/"}}]}},"_links":{"self":[{"href":"https:\/\/umiblue.be\/fr\/wp-json\/wp\/v2\/pages\/268","targetHints":{"allow":["GET"]}}],"collection":[{"href":"https:\/\/umiblue.be\/fr\/wp-json\/wp\/v2\/pages"}],"about":[{"href":"https:\/\/umiblue.be\/fr\/wp-json\/wp\/v2\/types\/page"}],"author":[{"embeddable":true,"href":"https:\/\/umiblue.be\/fr\/wp-json\/wp\/v2\/users\/1"}],"replies":[{"embeddable":true,"href":"https:\/\/umiblue.be\/fr\/wp-json\/wp\/v2\/comments?post=268"}],"version-history":[{"count":1,"href":"https:\/\/umiblue.be\/fr\/wp-json\/wp\/v2\/pages\/268\/revisions"}],"predecessor-version":[{"id":269,"href":"https:\/\/umiblue.be\/fr\/wp-json\/wp\/v2\/pages\/268\/revisions\/269"}],"wp:featuredmedia":[{"embeddable":true,"href":"https:\/\/umiblue.be\/fr\/wp-json\/wp\/v2\/media\/243"}],"wp:attachment":[{"href":"https:\/\/umiblue.be\/fr\/wp-json\/wp\/v2\/media?parent=268"}],"curies":[{"name":"wp","href":"https:\/\/api.w.org\/{rel}","templated":true}]}}