{"id":264,"date":"2024-04-29T04:42:37","date_gmt":"2024-04-29T04:42:37","guid":{"rendered":"https:\/\/umiblue.be\/larchitecture-dinterieur\/"},"modified":"2024-10-01T17:11:54","modified_gmt":"2024-10-01T17:11:54","slug":"larchitecture-dinterieur","status":"publish","type":"page","link":"https:\/\/umiblue.be\/fr\/larchitecture-dinterieur\/","title":{"rendered":"L&rsquo;architecture d&rsquo;int\u00e9rieur"},"content":{"rendered":"\t\t<div data-elementor-type=\"wp-page\" data-elementor-id=\"264\" class=\"elementor elementor-264 elementor-16\" data-elementor-post-type=\"page\">\n\t\t\t\t<div class=\"elementor-element elementor-element-b44c562 e-flex e-con-boxed e-con e-parent\" data-id=\"b44c562\" data-element_type=\"container\" data-e-type=\"container\">\n\t\t\t\t\t<div class=\"e-con-inner\">\n\t\t<div class=\"elementor-element elementor-element-7e15de1 e-con-full e-flex e-con e-child\" data-id=\"7e15de1\" data-element_type=\"container\" data-e-type=\"container\">\n\t\t\t\t<div class=\"elementor-element elementor-element-8f57aca elementor-widget__width-initial elementor-hidden-desktop elementor-hidden-tablet elementor-widget elementor-widget-spacer\" data-id=\"8f57aca\" data-element_type=\"widget\" data-e-type=\"widget\" data-widget_type=\"spacer.default\">\n\t\t\t\t<div class=\"elementor-widget-container\">\n\t\t\t\t\t\t\t<div class=\"elementor-spacer\">\n\t\t\t<div class=\"elementor-spacer-inner\"><\/div>\n\t\t<\/div>\n\t\t\t\t\t\t<\/div>\n\t\t\t\t<\/div>\n\t\t\t\t<div class=\"elementor-element elementor-element-dbd7f45 elementor-hidden-mobile elementor-widget elementor-widget-image\" data-id=\"dbd7f45\" data-element_type=\"widget\" data-e-type=\"widget\" data-widget_type=\"image.default\">\n\t\t\t\t<div class=\"elementor-widget-container\">\n\t\t\t\t\t\t\t\t\t\t\t\t\t\t\t<img fetchpriority=\"high\" decoding=\"async\" width=\"745\" height=\"1024\" src=\"https:\/\/umiblue.be\/wp-content\/uploads\/2024\/04\/UmiBlue-logo-745x1024.png\" class=\"attachment-large size-large wp-image-28\" alt=\"\" srcset=\"https:\/\/umiblue.be\/wp-content\/uploads\/2024\/04\/UmiBlue-logo-745x1024.png 745w, https:\/\/umiblue.be\/wp-content\/uploads\/2024\/04\/UmiBlue-logo-218x300.png 218w, https:\/\/umiblue.be\/wp-content\/uploads\/2024\/04\/UmiBlue-logo-768x1056.png 768w, https:\/\/umiblue.be\/wp-content\/uploads\/2024\/04\/UmiBlue-logo.png 873w\" sizes=\"(max-width: 745px) 100vw, 745px\" \/>\t\t\t\t\t\t\t\t\t\t\t\t\t\t\t<\/div>\n\t\t\t\t<\/div>\n\t\t\t\t<div class=\"elementor-element elementor-element-94e9401 elementor-widget__width-initial elementor-widget-mobile__width-inherit elementor-widget elementor-widget-text-editor\" data-id=\"94e9401\" data-element_type=\"widget\" data-e-type=\"widget\" data-widget_type=\"text-editor.default\">\n\t\t\t\t<div class=\"elementor-widget-container\">\n\t\t\t\t\t\t\t\t\t<p>Chez UmiBlue, chaque design est pens\u00e9 dans sa globalit\u00e9, du d\u00e9but \u00e0 la fin. Notre objectif n&rsquo;est pas seulement de cr\u00e9er un design esth\u00e9tiquement attrayant, mais aussi d&rsquo;assurer votre confort de vie ultime.<\/p>\n<p>Nous nous effor\u00e7ons de cr\u00e9er des designs intemporels qui s&rsquo;int\u00e8grent parfaitement dans diff\u00e9rents int\u00e9rieurs. En optant pour des choix neutres et \u00e9l\u00e9gants, nous garantissons un int\u00e9rieur qui r\u00e9siste sans effort \u00e0 l&rsquo;\u00e9preuve du temps, quel que soit le style sp\u00e9cifique de votre bureau, de votre entreprise ou de votre maison.<\/p>\n\t\t\t\t\t\t\t\t<\/div>\n\t\t\t\t<\/div>\n\t\t\t\t<div class=\"elementor-element elementor-element-4fb6bb3 elementor-widget elementor-widget-button\" data-id=\"4fb6bb3\" data-element_type=\"widget\" data-e-type=\"widget\" data-widget_type=\"button.default\">\n\t\t\t\t<div class=\"elementor-widget-container\">\n\t\t\t\t\t\t\t\t\t<div class=\"elementor-button-wrapper\">\n\t\t\t\t\t<a class=\"elementor-button elementor-button-link elementor-size-sm\" href=\"https:\/\/umiblue.be\/fr\/contact\/\">\n\t\t\t\t\t\t<span class=\"elementor-button-content-wrapper\">\n\t\t\t\t\t\t\t\t\t<span class=\"elementor-button-text\">Contactez nous<\/span>\n\t\t\t\t\t<\/span>\n\t\t\t\t\t<\/a>\n\t\t\t\t<\/div>\n\t\t\t\t\t\t\t\t<\/div>\n\t\t\t\t<\/div>\n\t\t\t\t<\/div>\n\t\t<div class=\"elementor-element elementor-element-d92c0c0 e-con-full e-flex e-con e-child\" data-id=\"d92c0c0\" data-element_type=\"container\" data-e-type=\"container\">\n\t\t\t\t<div class=\"elementor-element elementor-element-bff3505 elementor-widget elementor-widget-image\" data-id=\"bff3505\" data-element_type=\"widget\" data-e-type=\"widget\" data-widget_type=\"image.default\">\n\t\t\t\t<div class=\"elementor-widget-container\">\n\t\t\t\t\t\t\t\t\t\t\t\t\t\t\t<img decoding=\"async\" width=\"683\" height=\"1024\" src=\"https:\/\/umiblue.be\/wp-content\/uploads\/2024\/04\/UMIBLUE-interior-design-5-683x1024.jpg\" class=\"attachment-large size-large wp-image-35\" alt=\"\" srcset=\"https:\/\/umiblue.be\/wp-content\/uploads\/2024\/04\/UMIBLUE-interior-design-5-683x1024.jpg 683w, https:\/\/umiblue.be\/wp-content\/uploads\/2024\/04\/UMIBLUE-interior-design-5-200x300.jpg 200w, https:\/\/umiblue.be\/wp-content\/uploads\/2024\/04\/UMIBLUE-interior-design-5-768x1152.jpg 768w, https:\/\/umiblue.be\/wp-content\/uploads\/2024\/04\/UMIBLUE-interior-design-5.jpg 900w\" sizes=\"(max-width: 683px) 100vw, 683px\" \/>\t\t\t\t\t\t\t\t\t\t\t\t\t\t\t<\/div>\n\t\t\t\t<\/div>\n\t\t\t\t<\/div>\n\t\t\t\t\t<\/div>\n\t\t\t\t<\/div>\n\t\t<div class=\"elementor-element elementor-element-7a361ce e-flex e-con-boxed e-con e-parent\" data-id=\"7a361ce\" data-element_type=\"container\" data-e-type=\"container\">\n\t\t\t\t\t<div class=\"e-con-inner\">\n\t\t<div class=\"elementor-element elementor-element-ddb3a73 e-con-full e-flex e-con e-child\" data-id=\"ddb3a73\" data-element_type=\"container\" data-e-type=\"container\">\n\t\t\t\t<div class=\"elementor-element elementor-element-4818907 elementor-widget elementor-widget-image\" data-id=\"4818907\" data-element_type=\"widget\" data-e-type=\"widget\" data-widget_type=\"image.default\">\n\t\t\t\t<div class=\"elementor-widget-container\">\n\t\t\t\t\t\t\t\t\t\t\t\t\t\t\t<img decoding=\"async\" width=\"800\" height=\"534\" src=\"https:\/\/umiblue.be\/wp-content\/uploads\/2024\/04\/UMIBLUE-interior-design-1-1024x683.jpg\" class=\"attachment-large size-large wp-image-31\" alt=\"\" srcset=\"https:\/\/umiblue.be\/wp-content\/uploads\/2024\/04\/UMIBLUE-interior-design-1-1024x683.jpg 1024w, https:\/\/umiblue.be\/wp-content\/uploads\/2024\/04\/UMIBLUE-interior-design-1-300x200.jpg 300w, https:\/\/umiblue.be\/wp-content\/uploads\/2024\/04\/UMIBLUE-interior-design-1-768x512.jpg 768w, https:\/\/umiblue.be\/wp-content\/uploads\/2024\/04\/UMIBLUE-interior-design-1-1536x1024.jpg 1536w, https:\/\/umiblue.be\/wp-content\/uploads\/2024\/04\/UMIBLUE-interior-design-1.jpg 1800w\" sizes=\"(max-width: 800px) 100vw, 800px\" \/>\t\t\t\t\t\t\t\t\t\t\t\t\t\t\t<\/div>\n\t\t\t\t<\/div>\n\t\t\t\t<\/div>\n\t\t<div class=\"elementor-element elementor-element-70cf096 e-con-full e-flex e-con e-child\" data-id=\"70cf096\" data-element_type=\"container\" data-e-type=\"container\">\n\t\t\t\t<div class=\"elementor-element elementor-element-4ea60ae elementor-widget__width-initial elementor-widget elementor-widget-spacer\" data-id=\"4ea60ae\" data-element_type=\"widget\" data-e-type=\"widget\" data-widget_type=\"spacer.default\">\n\t\t\t\t<div class=\"elementor-widget-container\">\n\t\t\t\t\t\t\t<div class=\"elementor-spacer\">\n\t\t\t<div class=\"elementor-spacer-inner\"><\/div>\n\t\t<\/div>\n\t\t\t\t\t\t<\/div>\n\t\t\t\t<\/div>\n\t\t\t\t<div class=\"elementor-element elementor-element-aef2ed2 elementor-widget__width-initial elementor-widget elementor-widget-heading\" data-id=\"aef2ed2\" data-element_type=\"widget\" data-e-type=\"widget\" data-widget_type=\"heading.default\">\n\t\t\t\t<div class=\"elementor-widget-container\">\n\t\t\t\t\t<h2 class=\"elementor-heading-title elementor-size-default\">La recherche de la perfection dans les moindres d\u00e9tails de votre int\u00e9rieur<\/h2>\t\t\t\t<\/div>\n\t\t\t\t<\/div>\n\t\t\t\t<div class=\"elementor-element elementor-element-563d476 elementor-widget__width-initial elementor-widget-mobile__width-inherit elementor-widget elementor-widget-text-editor\" data-id=\"563d476\" data-element_type=\"widget\" data-e-type=\"widget\" data-widget_type=\"text-editor.default\">\n\t\t\t\t<div class=\"elementor-widget-container\">\n\t\t\t\t\t\t\t\t\t<p>Notre \u00e9quipe fixe des standards \u00e9lev\u00e9s en mati\u00e8re de finition soign\u00e9e jusqu&rsquo;aux moindres d\u00e9tails. En travaillant \u00e9troitement d\u00e8s le d\u00e9part avec nos clients et en comprenant pleinement leur vision et leurs attentes, nous sommes en mesure d&rsquo;obtenir un r\u00e9sultat final exceptionnel avec des finitions impeccables.<\/p>\n<p>Souvent, nos clients ont d\u00e9j\u00e0 une id\u00e9e de la mani\u00e8re dont ils souhaitent am\u00e9nager leur maison, leur espace de vie ou leur bureau, y compris le style, la d\u00e9coration et les meubles. Nous sommes ravis de partager certains de nos projets ant\u00e9rieurs pour vous donner un bon aper\u00e7u de notre expertise. N\u2019h\u00e9sitez pas \u00e0 demander nos r\u00e9f\u00e9rences !<\/p>\n\t\t\t\t\t\t\t\t<\/div>\n\t\t\t\t<\/div>\n\t\t\t\t<\/div>\n\t\t\t\t\t<\/div>\n\t\t\t\t<\/div>\n\t\t<div class=\"elementor-element elementor-element-55b756e e-flex e-con-boxed e-con e-parent\" data-id=\"55b756e\" data-element_type=\"container\" data-e-type=\"container\">\n\t\t\t\t\t<div class=\"e-con-inner\">\n\t\t<div class=\"elementor-element elementor-element-9ac10ef e-con-full e-flex e-con e-child\" data-id=\"9ac10ef\" data-element_type=\"container\" data-e-type=\"container\">\n\t\t\t\t<div class=\"elementor-element elementor-element-1c6a5da elementor-widget__width-initial elementor-widget elementor-widget-spacer\" data-id=\"1c6a5da\" data-element_type=\"widget\" data-e-type=\"widget\" data-widget_type=\"spacer.default\">\n\t\t\t\t<div class=\"elementor-widget-container\">\n\t\t\t\t\t\t\t<div class=\"elementor-spacer\">\n\t\t\t<div class=\"elementor-spacer-inner\"><\/div>\n\t\t<\/div>\n\t\t\t\t\t\t<\/div>\n\t\t\t\t<\/div>\n\t\t\t\t<div class=\"elementor-element elementor-element-447e2d8 elementor-widget__width-initial elementor-widget-mobile__width-inherit elementor-widget elementor-widget-heading\" data-id=\"447e2d8\" data-element_type=\"widget\" data-e-type=\"widget\" data-widget_type=\"heading.default\">\n\t\t\t\t<div class=\"elementor-widget-container\">\n\t\t\t\t\t<h2 class=\"elementor-heading-title elementor-size-default\">Personnalisation, ax\u00e9e sur vos souhaits et besoins uniques<\/h2>\t\t\t\t<\/div>\n\t\t\t\t<\/div>\n\t\t\t\t<div class=\"elementor-element elementor-element-5818c80 elementor-widget__width-initial elementor-widget-mobile__width-inherit elementor-widget elementor-widget-text-editor\" data-id=\"5818c80\" data-element_type=\"widget\" data-e-type=\"widget\" data-widget_type=\"text-editor.default\">\n\t\t\t\t<div class=\"elementor-widget-container\">\n\t\t\t\t\t\t\t\t\t<p>Dans chaque projet, vos souhaits et besoins sont au centre de nos pr\u00e9occupations. Nous prenons en compte les aspects techniques et esth\u00e9tiques pour obtenir le meilleur r\u00e9sultat final. Avant de commencer un design, nous nous posons plusieurs questions : Quelle est la lumi\u00e8re naturelle disponible ? L&rsquo;espace est-il utilis\u00e9 pour travailler ou pour se d\u00e9tendre ? Quelle ambiance doit d\u00e9gager la pi\u00e8ce ? Quelles sont les caract\u00e9ristiques uniques du client ? Sur la base de ces crit\u00e8res, notre \u00e9quipe cr\u00e9e une histoire sur mesure qui correspond parfaitement aux besoins du client.<\/p>\n\t\t\t\t\t\t\t\t<\/div>\n\t\t\t\t<\/div>\n\t\t\t\t<div class=\"elementor-element elementor-element-8aec332 elementor-widget elementor-widget-button\" data-id=\"8aec332\" data-element_type=\"widget\" data-e-type=\"widget\" data-widget_type=\"button.default\">\n\t\t\t\t<div class=\"elementor-widget-container\">\n\t\t\t\t\t\t\t\t\t<div class=\"elementor-button-wrapper\">\n\t\t\t\t\t<a class=\"elementor-button elementor-button-link elementor-size-sm\" href=\"https:\/\/umiblue.be\/fr\/contact\/\">\n\t\t\t\t\t\t<span class=\"elementor-button-content-wrapper\">\n\t\t\t\t\t\t\t\t\t<span class=\"elementor-button-text\">Contactez nous<\/span>\n\t\t\t\t\t<\/span>\n\t\t\t\t\t<\/a>\n\t\t\t\t<\/div>\n\t\t\t\t\t\t\t\t<\/div>\n\t\t\t\t<\/div>\n\t\t\t\t<\/div>\n\t\t<div class=\"elementor-element elementor-element-3fb8c5d e-con-full e-flex e-con e-child\" data-id=\"3fb8c5d\" data-element_type=\"container\" data-e-type=\"container\">\n\t\t\t\t<div class=\"elementor-element elementor-element-161eef4 elementor-widget elementor-widget-image\" data-id=\"161eef4\" data-element_type=\"widget\" data-e-type=\"widget\" data-widget_type=\"image.default\">\n\t\t\t\t<div class=\"elementor-widget-container\">\n\t\t\t\t\t\t\t\t\t\t\t\t\t\t\t<img loading=\"lazy\" decoding=\"async\" width=\"683\" height=\"1024\" src=\"https:\/\/umiblue.be\/wp-content\/uploads\/2024\/04\/UMIBLUE-interior-design-6-683x1024.jpg\" class=\"attachment-large size-large wp-image-36\" alt=\"\" srcset=\"https:\/\/umiblue.be\/wp-content\/uploads\/2024\/04\/UMIBLUE-interior-design-6-683x1024.jpg 683w, https:\/\/umiblue.be\/wp-content\/uploads\/2024\/04\/UMIBLUE-interior-design-6-200x300.jpg 200w, https:\/\/umiblue.be\/wp-content\/uploads\/2024\/04\/UMIBLUE-interior-design-6-768x1152.jpg 768w, https:\/\/umiblue.be\/wp-content\/uploads\/2024\/04\/UMIBLUE-interior-design-6.jpg 900w\" sizes=\"(max-width: 683px) 100vw, 683px\" \/>\t\t\t\t\t\t\t\t\t\t\t\t\t\t\t<\/div>\n\t\t\t\t<\/div>\n\t\t\t\t<\/div>\n\t\t\t\t\t<\/div>\n\t\t\t\t<\/div>\n\t\t\t\t<\/div>\n\t\t","protected":false},"excerpt":{"rendered":"<p>Chez UmiBlue, chaque design est pens\u00e9 dans sa globalit\u00e9, du d\u00e9but \u00e0 la fin. Notre objectif n&rsquo;est pas seulement de cr\u00e9er un design esth\u00e9tiquement attrayant, mais aussi d&rsquo;assurer votre confort de vie ultime. Nous nous effor\u00e7ons de cr\u00e9er des designs intemporels qui s&rsquo;int\u00e8grent parfaitement dans diff\u00e9rents int\u00e9rieurs. En optant pour des choix neutres et \u00e9l\u00e9gants, [&hellip;]<\/p>\n","protected":false},"author":1,"featured_media":243,"parent":0,"menu_order":0,"comment_status":"closed","ping_status":"closed","template":"","meta":{"footnotes":""},"class_list":["post-264","page","type-page","status-publish","has-post-thumbnail","hentry"],"yoast_head":"<!-- This site is optimized with the Yoast SEO plugin v27.0 - https:\/\/yoast.com\/product\/yoast-seo-wordpress\/ -->\n<title>Design d&#039;int\u00e9rieur intemporel par UmiBlue \u00e0 Knokke<\/title>\n<meta name=\"description\" content=\"D\u00e9couvrez comment UmiBlue associe un design d&#039;int\u00e9rieur intemporel \u00e0 un confort de vie ultime. Cr\u00e9ez un int\u00e9rieur \u00e9l\u00e9gant qui r\u00e9siste \u00e0 l&#039;\u00e9preuve du temps.\" \/>\n<meta name=\"robots\" content=\"index, follow, max-snippet:-1, max-image-preview:large, max-video-preview:-1\" \/>\n<link rel=\"canonical\" href=\"https:\/\/umiblue.be\/fr\/larchitecture-dinterieur\/\" \/>\n<meta property=\"og:locale\" content=\"fr_FR\" \/>\n<meta property=\"og:type\" content=\"article\" \/>\n<meta property=\"og:title\" content=\"Design d&#039;int\u00e9rieur intemporel par UmiBlue \u00e0 Knokke\" \/>\n<meta property=\"og:description\" content=\"D\u00e9couvrez comment UmiBlue associe un design d&#039;int\u00e9rieur intemporel \u00e0 un confort de vie ultime. Cr\u00e9ez un int\u00e9rieur \u00e9l\u00e9gant qui r\u00e9siste \u00e0 l&#039;\u00e9preuve du temps.\" \/>\n<meta property=\"og:url\" content=\"https:\/\/umiblue.be\/fr\/larchitecture-dinterieur\/\" \/>\n<meta property=\"og:site_name\" content=\"UmiBlue\" \/>\n<meta property=\"article:modified_time\" content=\"2024-10-01T17:11:54+00:00\" \/>\n<meta property=\"og:image\" content=\"https:\/\/umiblue.be\/wp-content\/uploads\/2024\/04\/favicon.png\" \/>\n\t<meta property=\"og:image:width\" content=\"128\" \/>\n\t<meta property=\"og:image:height\" content=\"130\" \/>\n\t<meta property=\"og:image:type\" content=\"image\/png\" \/>\n<meta name=\"twitter:card\" content=\"summary_large_image\" \/>\n<meta name=\"twitter:label1\" content=\"Dur\u00e9e de lecture est.\" \/>\n\t<meta name=\"twitter:data1\" content=\"3 minutes\" \/>\n<script type=\"application\/ld+json\" class=\"yoast-schema-graph\">{\"@context\":\"https:\/\/schema.org\",\"@graph\":[{\"@type\":\"WebPage\",\"@id\":\"https:\/\/umiblue.be\/fr\/larchitecture-dinterieur\/\",\"url\":\"https:\/\/umiblue.be\/fr\/larchitecture-dinterieur\/\",\"name\":\"Design d'int\u00e9rieur intemporel par UmiBlue \u00e0 Knokke\",\"isPartOf\":{\"@id\":\"https:\/\/umiblue.be\/fr\/#website\"},\"primaryImageOfPage\":{\"@id\":\"https:\/\/umiblue.be\/fr\/larchitecture-dinterieur\/#primaryimage\"},\"image\":{\"@id\":\"https:\/\/umiblue.be\/fr\/larchitecture-dinterieur\/#primaryimage\"},\"thumbnailUrl\":\"https:\/\/umiblue.be\/wp-content\/uploads\/2024\/04\/favicon.png\",\"datePublished\":\"2024-04-29T04:42:37+00:00\",\"dateModified\":\"2024-10-01T17:11:54+00:00\",\"description\":\"D\u00e9couvrez comment UmiBlue associe un design d'int\u00e9rieur intemporel \u00e0 un confort de vie ultime. Cr\u00e9ez un int\u00e9rieur \u00e9l\u00e9gant qui r\u00e9siste \u00e0 l'\u00e9preuve du temps.\",\"breadcrumb\":{\"@id\":\"https:\/\/umiblue.be\/fr\/larchitecture-dinterieur\/#breadcrumb\"},\"inLanguage\":\"fr-BE\",\"potentialAction\":[{\"@type\":\"ReadAction\",\"target\":[\"https:\/\/umiblue.be\/fr\/larchitecture-dinterieur\/\"]}]},{\"@type\":\"ImageObject\",\"inLanguage\":\"fr-BE\",\"@id\":\"https:\/\/umiblue.be\/fr\/larchitecture-dinterieur\/#primaryimage\",\"url\":\"https:\/\/umiblue.be\/wp-content\/uploads\/2024\/04\/favicon.png\",\"contentUrl\":\"https:\/\/umiblue.be\/wp-content\/uploads\/2024\/04\/favicon.png\",\"width\":128,\"height\":130},{\"@type\":\"BreadcrumbList\",\"@id\":\"https:\/\/umiblue.be\/fr\/larchitecture-dinterieur\/#breadcrumb\",\"itemListElement\":[{\"@type\":\"ListItem\",\"position\":1,\"name\":\"Home\",\"item\":\"https:\/\/umiblue.be\/fr\/\"},{\"@type\":\"ListItem\",\"position\":2,\"name\":\"L&#8217;architecture d&#8217;int\u00e9rieur\"}]},{\"@type\":\"WebSite\",\"@id\":\"https:\/\/umiblue.be\/fr\/#website\",\"url\":\"https:\/\/umiblue.be\/fr\/\",\"name\":\"UmiBlue\",\"description\":\"\",\"publisher\":{\"@id\":\"https:\/\/umiblue.be\/fr\/#organization\"},\"potentialAction\":[{\"@type\":\"SearchAction\",\"target\":{\"@type\":\"EntryPoint\",\"urlTemplate\":\"https:\/\/umiblue.be\/fr\/?s={search_term_string}\"},\"query-input\":{\"@type\":\"PropertyValueSpecification\",\"valueRequired\":true,\"valueName\":\"search_term_string\"}}],\"inLanguage\":\"fr-BE\"},{\"@type\":\"Organization\",\"@id\":\"https:\/\/umiblue.be\/fr\/#organization\",\"name\":\"UmiBlue\",\"url\":\"https:\/\/umiblue.be\/fr\/\",\"logo\":{\"@type\":\"ImageObject\",\"inLanguage\":\"fr-BE\",\"@id\":\"https:\/\/umiblue.be\/fr\/#\/schema\/logo\/image\/\",\"url\":\"https:\/\/umiblue.be\/wp-content\/uploads\/2024\/04\/UmiBlue-logo.png\",\"contentUrl\":\"https:\/\/umiblue.be\/wp-content\/uploads\/2024\/04\/UmiBlue-logo.png\",\"width\":873,\"height\":1200,\"caption\":\"UmiBlue\"},\"image\":{\"@id\":\"https:\/\/umiblue.be\/fr\/#\/schema\/logo\/image\/\"}}]}<\/script>\n<!-- \/ Yoast SEO plugin. -->","yoast_head_json":{"title":"Design d'int\u00e9rieur intemporel par UmiBlue \u00e0 Knokke","description":"D\u00e9couvrez comment UmiBlue associe un design d'int\u00e9rieur intemporel \u00e0 un confort de vie ultime. Cr\u00e9ez un int\u00e9rieur \u00e9l\u00e9gant qui r\u00e9siste \u00e0 l'\u00e9preuve du temps.","robots":{"index":"index","follow":"follow","max-snippet":"max-snippet:-1","max-image-preview":"max-image-preview:large","max-video-preview":"max-video-preview:-1"},"canonical":"https:\/\/umiblue.be\/fr\/larchitecture-dinterieur\/","og_locale":"fr_FR","og_type":"article","og_title":"Design d'int\u00e9rieur intemporel par UmiBlue \u00e0 Knokke","og_description":"D\u00e9couvrez comment UmiBlue associe un design d'int\u00e9rieur intemporel \u00e0 un confort de vie ultime. Cr\u00e9ez un int\u00e9rieur \u00e9l\u00e9gant qui r\u00e9siste \u00e0 l'\u00e9preuve du temps.","og_url":"https:\/\/umiblue.be\/fr\/larchitecture-dinterieur\/","og_site_name":"UmiBlue","article_modified_time":"2024-10-01T17:11:54+00:00","og_image":[{"width":128,"height":130,"url":"https:\/\/umiblue.be\/wp-content\/uploads\/2024\/04\/favicon.png","type":"image\/png"}],"twitter_card":"summary_large_image","twitter_misc":{"Dur\u00e9e de lecture est.":"3 minutes"},"schema":{"@context":"https:\/\/schema.org","@graph":[{"@type":"WebPage","@id":"https:\/\/umiblue.be\/fr\/larchitecture-dinterieur\/","url":"https:\/\/umiblue.be\/fr\/larchitecture-dinterieur\/","name":"Design d'int\u00e9rieur intemporel par UmiBlue \u00e0 Knokke","isPartOf":{"@id":"https:\/\/umiblue.be\/fr\/#website"},"primaryImageOfPage":{"@id":"https:\/\/umiblue.be\/fr\/larchitecture-dinterieur\/#primaryimage"},"image":{"@id":"https:\/\/umiblue.be\/fr\/larchitecture-dinterieur\/#primaryimage"},"thumbnailUrl":"https:\/\/umiblue.be\/wp-content\/uploads\/2024\/04\/favicon.png","datePublished":"2024-04-29T04:42:37+00:00","dateModified":"2024-10-01T17:11:54+00:00","description":"D\u00e9couvrez comment UmiBlue associe un design d'int\u00e9rieur intemporel \u00e0 un confort de vie ultime. Cr\u00e9ez un int\u00e9rieur \u00e9l\u00e9gant qui r\u00e9siste \u00e0 l'\u00e9preuve du temps.","breadcrumb":{"@id":"https:\/\/umiblue.be\/fr\/larchitecture-dinterieur\/#breadcrumb"},"inLanguage":"fr-BE","potentialAction":[{"@type":"ReadAction","target":["https:\/\/umiblue.be\/fr\/larchitecture-dinterieur\/"]}]},{"@type":"ImageObject","inLanguage":"fr-BE","@id":"https:\/\/umiblue.be\/fr\/larchitecture-dinterieur\/#primaryimage","url":"https:\/\/umiblue.be\/wp-content\/uploads\/2024\/04\/favicon.png","contentUrl":"https:\/\/umiblue.be\/wp-content\/uploads\/2024\/04\/favicon.png","width":128,"height":130},{"@type":"BreadcrumbList","@id":"https:\/\/umiblue.be\/fr\/larchitecture-dinterieur\/#breadcrumb","itemListElement":[{"@type":"ListItem","position":1,"name":"Home","item":"https:\/\/umiblue.be\/fr\/"},{"@type":"ListItem","position":2,"name":"L&#8217;architecture d&#8217;int\u00e9rieur"}]},{"@type":"WebSite","@id":"https:\/\/umiblue.be\/fr\/#website","url":"https:\/\/umiblue.be\/fr\/","name":"UmiBlue","description":"","publisher":{"@id":"https:\/\/umiblue.be\/fr\/#organization"},"potentialAction":[{"@type":"SearchAction","target":{"@type":"EntryPoint","urlTemplate":"https:\/\/umiblue.be\/fr\/?s={search_term_string}"},"query-input":{"@type":"PropertyValueSpecification","valueRequired":true,"valueName":"search_term_string"}}],"inLanguage":"fr-BE"},{"@type":"Organization","@id":"https:\/\/umiblue.be\/fr\/#organization","name":"UmiBlue","url":"https:\/\/umiblue.be\/fr\/","logo":{"@type":"ImageObject","inLanguage":"fr-BE","@id":"https:\/\/umiblue.be\/fr\/#\/schema\/logo\/image\/","url":"https:\/\/umiblue.be\/wp-content\/uploads\/2024\/04\/UmiBlue-logo.png","contentUrl":"https:\/\/umiblue.be\/wp-content\/uploads\/2024\/04\/UmiBlue-logo.png","width":873,"height":1200,"caption":"UmiBlue"},"image":{"@id":"https:\/\/umiblue.be\/fr\/#\/schema\/logo\/image\/"}}]}},"_links":{"self":[{"href":"https:\/\/umiblue.be\/fr\/wp-json\/wp\/v2\/pages\/264","targetHints":{"allow":["GET"]}}],"collection":[{"href":"https:\/\/umiblue.be\/fr\/wp-json\/wp\/v2\/pages"}],"about":[{"href":"https:\/\/umiblue.be\/fr\/wp-json\/wp\/v2\/types\/page"}],"author":[{"embeddable":true,"href":"https:\/\/umiblue.be\/fr\/wp-json\/wp\/v2\/users\/1"}],"replies":[{"embeddable":true,"href":"https:\/\/umiblue.be\/fr\/wp-json\/wp\/v2\/comments?post=264"}],"version-history":[{"count":4,"href":"https:\/\/umiblue.be\/fr\/wp-json\/wp\/v2\/pages\/264\/revisions"}],"predecessor-version":[{"id":292,"href":"https:\/\/umiblue.be\/fr\/wp-json\/wp\/v2\/pages\/264\/revisions\/292"}],"wp:featuredmedia":[{"embeddable":true,"href":"https:\/\/umiblue.be\/fr\/wp-json\/wp\/v2\/media\/243"}],"wp:attachment":[{"href":"https:\/\/umiblue.be\/fr\/wp-json\/wp\/v2\/media?parent=264"}],"curies":[{"name":"wp","href":"https:\/\/api.w.org\/{rel}","templated":true}]}}