{"id":262,"date":"2024-04-29T04:42:24","date_gmt":"2024-04-29T04:42:24","guid":{"rendered":"https:\/\/umiblue.be\/renovation-totale\/"},"modified":"2024-10-01T17:10:20","modified_gmt":"2024-10-01T17:10:20","slug":"renovation-totale","status":"publish","type":"page","link":"https:\/\/umiblue.be\/fr\/renovation-totale\/","title":{"rendered":"R\u00e9novation Totale"},"content":{"rendered":"\t\t<div data-elementor-type=\"wp-page\" data-elementor-id=\"262\" class=\"elementor elementor-262 elementor-14\" data-elementor-post-type=\"page\">\n\t\t\t\t<div class=\"elementor-element elementor-element-68b7fb9 e-flex e-con-boxed e-con e-parent\" data-id=\"68b7fb9\" data-element_type=\"container\" data-e-type=\"container\">\n\t\t\t\t\t<div class=\"e-con-inner\">\n\t\t<div class=\"elementor-element elementor-element-dc23bd9 e-con-full e-flex e-con e-child\" data-id=\"dc23bd9\" data-element_type=\"container\" data-e-type=\"container\">\n\t\t\t\t<div class=\"elementor-element elementor-element-6d0a131 elementor-widget__width-initial elementor-hidden-desktop elementor-hidden-tablet elementor-widget elementor-widget-spacer\" data-id=\"6d0a131\" data-element_type=\"widget\" data-e-type=\"widget\" data-widget_type=\"spacer.default\">\n\t\t\t\t<div class=\"elementor-widget-container\">\n\t\t\t\t\t\t\t<div class=\"elementor-spacer\">\n\t\t\t<div class=\"elementor-spacer-inner\"><\/div>\n\t\t<\/div>\n\t\t\t\t\t\t<\/div>\n\t\t\t\t<\/div>\n\t\t\t\t<div class=\"elementor-element elementor-element-905e9e0 elementor-hidden-mobile elementor-widget elementor-widget-image\" data-id=\"905e9e0\" data-element_type=\"widget\" data-e-type=\"widget\" data-widget_type=\"image.default\">\n\t\t\t\t<div class=\"elementor-widget-container\">\n\t\t\t\t\t\t\t\t\t\t\t\t\t\t\t<img fetchpriority=\"high\" decoding=\"async\" width=\"745\" height=\"1024\" src=\"https:\/\/umiblue.be\/wp-content\/uploads\/2024\/04\/UmiBlue-logo-745x1024.png\" class=\"attachment-large size-large wp-image-28\" alt=\"\" srcset=\"https:\/\/umiblue.be\/wp-content\/uploads\/2024\/04\/UmiBlue-logo-745x1024.png 745w, https:\/\/umiblue.be\/wp-content\/uploads\/2024\/04\/UmiBlue-logo-218x300.png 218w, https:\/\/umiblue.be\/wp-content\/uploads\/2024\/04\/UmiBlue-logo-768x1056.png 768w, https:\/\/umiblue.be\/wp-content\/uploads\/2024\/04\/UmiBlue-logo.png 873w\" sizes=\"(max-width: 745px) 100vw, 745px\" \/>\t\t\t\t\t\t\t\t\t\t\t\t\t\t\t<\/div>\n\t\t\t\t<\/div>\n\t\t\t\t<div class=\"elementor-element elementor-element-3556848 elementor-widget__width-initial elementor-widget-mobile__width-inherit elementor-widget elementor-widget-text-editor\" data-id=\"3556848\" data-element_type=\"widget\" data-e-type=\"widget\" data-widget_type=\"text-editor.default\">\n\t\t\t\t<div class=\"elementor-widget-container\">\n\t\t\t\t\t\t\t\t\t<p>Vous avez envie de r\u00e9nover compl\u00e8tement votre maison ? Vous r\u00eavez d&rsquo;un int\u00e9rieur frais et moderne pour votre int\u00e9rieur? Vous \u00eates \u00e0 la recherche d&rsquo;un partenaire fiable capable de r\u00e9aliser vos projets de r\u00e9novation \u00e0 la perfection ?<\/p>\n<p>Chez Umiblue, vous \u00eates au bon endroit pour les r\u00e9novations totales, quelle que soit leur ampleur. Notre \u00e9quipe d&rsquo;experts exp\u00e9riment\u00e9s vous garantit une approche professionnelle et un r\u00e9sultat \u00e9poustouflant.<\/p>\n\t\t\t\t\t\t\t\t<\/div>\n\t\t\t\t<\/div>\n\t\t\t\t<div class=\"elementor-element elementor-element-b9b03ed elementor-widget elementor-widget-button\" data-id=\"b9b03ed\" data-element_type=\"widget\" data-e-type=\"widget\" data-widget_type=\"button.default\">\n\t\t\t\t<div class=\"elementor-widget-container\">\n\t\t\t\t\t\t\t\t\t<div class=\"elementor-button-wrapper\">\n\t\t\t\t\t<a class=\"elementor-button elementor-button-link elementor-size-sm\" href=\"https:\/\/umiblue.be\/fr\/contact\/\">\n\t\t\t\t\t\t<span class=\"elementor-button-content-wrapper\">\n\t\t\t\t\t\t\t\t\t<span class=\"elementor-button-text\">Contactez nous<\/span>\n\t\t\t\t\t<\/span>\n\t\t\t\t\t<\/a>\n\t\t\t\t<\/div>\n\t\t\t\t\t\t\t\t<\/div>\n\t\t\t\t<\/div>\n\t\t\t\t<\/div>\n\t\t<div class=\"elementor-element elementor-element-8eda0a0 e-con-full e-flex e-con e-child\" data-id=\"8eda0a0\" data-element_type=\"container\" data-e-type=\"container\">\n\t\t\t\t<div class=\"elementor-element elementor-element-9abb155 elementor-widget elementor-widget-image\" data-id=\"9abb155\" data-element_type=\"widget\" data-e-type=\"widget\" data-widget_type=\"image.default\">\n\t\t\t\t<div class=\"elementor-widget-container\">\n\t\t\t\t\t\t\t\t\t\t\t\t\t\t\t<img decoding=\"async\" width=\"683\" height=\"1024\" src=\"https:\/\/umiblue.be\/wp-content\/uploads\/2024\/04\/UMIBLUE-realisaties-10-683x1024.jpg\" class=\"attachment-large size-large wp-image-46\" alt=\"\" srcset=\"https:\/\/umiblue.be\/wp-content\/uploads\/2024\/04\/UMIBLUE-realisaties-10-683x1024.jpg 683w, https:\/\/umiblue.be\/wp-content\/uploads\/2024\/04\/UMIBLUE-realisaties-10-200x300.jpg 200w, https:\/\/umiblue.be\/wp-content\/uploads\/2024\/04\/UMIBLUE-realisaties-10-768x1152.jpg 768w, https:\/\/umiblue.be\/wp-content\/uploads\/2024\/04\/UMIBLUE-realisaties-10.jpg 900w\" sizes=\"(max-width: 683px) 100vw, 683px\" \/>\t\t\t\t\t\t\t\t\t\t\t\t\t\t\t<\/div>\n\t\t\t\t<\/div>\n\t\t\t\t<\/div>\n\t\t\t\t\t<\/div>\n\t\t\t\t<\/div>\n\t\t<div class=\"elementor-element elementor-element-a0cb02a e-flex e-con-boxed e-con e-parent\" data-id=\"a0cb02a\" data-element_type=\"container\" data-e-type=\"container\">\n\t\t\t\t\t<div class=\"e-con-inner\">\n\t\t<div class=\"elementor-element elementor-element-be0d0b7 e-con-full e-flex e-con e-child\" data-id=\"be0d0b7\" data-element_type=\"container\" data-e-type=\"container\">\n\t\t\t\t<div class=\"elementor-element elementor-element-d712999 elementor-widget elementor-widget-image\" data-id=\"d712999\" data-element_type=\"widget\" data-e-type=\"widget\" data-widget_type=\"image.default\">\n\t\t\t\t<div class=\"elementor-widget-container\">\n\t\t\t\t\t\t\t\t\t\t\t\t\t\t\t<img decoding=\"async\" width=\"683\" height=\"1024\" src=\"https:\/\/umiblue.be\/wp-content\/uploads\/2024\/04\/UMIBLUE-realisaties-8-683x1024.jpg\" class=\"attachment-large size-large wp-image-44\" alt=\"\" srcset=\"https:\/\/umiblue.be\/wp-content\/uploads\/2024\/04\/UMIBLUE-realisaties-8-683x1024.jpg 683w, https:\/\/umiblue.be\/wp-content\/uploads\/2024\/04\/UMIBLUE-realisaties-8-200x300.jpg 200w, https:\/\/umiblue.be\/wp-content\/uploads\/2024\/04\/UMIBLUE-realisaties-8-768x1152.jpg 768w, https:\/\/umiblue.be\/wp-content\/uploads\/2024\/04\/UMIBLUE-realisaties-8.jpg 900w\" sizes=\"(max-width: 683px) 100vw, 683px\" \/>\t\t\t\t\t\t\t\t\t\t\t\t\t\t\t<\/div>\n\t\t\t\t<\/div>\n\t\t\t\t<\/div>\n\t\t<div class=\"elementor-element elementor-element-4b34944 e-con-full e-flex e-con e-child\" data-id=\"4b34944\" data-element_type=\"container\" data-e-type=\"container\">\n\t\t\t\t<div class=\"elementor-element elementor-element-7a2809c elementor-widget__width-initial elementor-widget elementor-widget-spacer\" data-id=\"7a2809c\" data-element_type=\"widget\" data-e-type=\"widget\" data-widget_type=\"spacer.default\">\n\t\t\t\t<div class=\"elementor-widget-container\">\n\t\t\t\t\t\t\t<div class=\"elementor-spacer\">\n\t\t\t<div class=\"elementor-spacer-inner\"><\/div>\n\t\t<\/div>\n\t\t\t\t\t\t<\/div>\n\t\t\t\t<\/div>\n\t\t\t\t<div class=\"elementor-element elementor-element-33ecba0 elementor-widget__width-initial elementor-widget elementor-widget-heading\" data-id=\"33ecba0\" data-element_type=\"widget\" data-e-type=\"widget\" data-widget_type=\"heading.default\">\n\t\t\t\t<div class=\"elementor-widget-container\">\n\t\t\t\t\t<h2 class=\"elementor-heading-title elementor-size-default\">R\u00e9novations totales et designs d'int\u00e9rieur intemporels<\/h2>\t\t\t\t<\/div>\n\t\t\t\t<\/div>\n\t\t\t\t<div class=\"elementor-element elementor-element-1000fcb elementor-widget__width-initial elementor-widget-mobile__width-inherit elementor-widget elementor-widget-text-editor\" data-id=\"1000fcb\" data-element_type=\"widget\" data-e-type=\"widget\" data-widget_type=\"text-editor.default\">\n\t\t\t\t<div class=\"elementor-widget-container\">\n\t\t\t\t\t\t\t\t\t<p>Qu&rsquo;il s&rsquo;agisse d&rsquo;un r\u00e9am\u00e9nagement complet de votre int\u00e9rieur ou de travaux de r\u00e9novation plus techniques, tels que l&rsquo;agrandissement de votre maison, l&rsquo;installation d&rsquo;un nouveau toit ou le remplacement des fen\u00eatres, notre \u00e9quipe d&rsquo;architectes d&rsquo;int\u00e9rieur est pr\u00eate \u00e0 r\u00e9pondre \u00e0 tous vos besoins en mati\u00e8re de r\u00e9novation. Avec Umiblue comme partenaire pour les r\u00e9novations totales, vous n&rsquo;avez qu\u2019un seul point de contact pour vous soulager de tout le stress de la r\u00e9novation.<\/p>\n<p>Chez Umiblue, nous nous effor\u00e7ons de cr\u00e9er des designs intemporels qui r\u00e9sistent \u00e0 l&rsquo;\u00e9preuve du temps. Nos architectes d&rsquo;int\u00e9rieur travaillent en \u00e9troite collaboration avec vous pour cr\u00e9er un design de caract\u00e8re et durable qui r\u00e9pond parfaitement \u00e0 vos besoins et \u00e0 vos d\u00e9sirs. Qu&rsquo;il s&rsquo;agisse d&rsquo;un r\u00e9am\u00e9nagement complet de votre maison ou de la d\u00e9coration d&rsquo;une seule pi\u00e8ce, nous vous garantissons un r\u00e9sultat dont vous pourrez profiter pendant des ann\u00e9es.<\/p>\n\t\t\t\t\t\t\t\t<\/div>\n\t\t\t\t<\/div>\n\t\t\t\t<\/div>\n\t\t\t\t\t<\/div>\n\t\t\t\t<\/div>\n\t\t<div class=\"elementor-element elementor-element-f90436c e-flex e-con-boxed e-con e-parent\" data-id=\"f90436c\" data-element_type=\"container\" data-e-type=\"container\">\n\t\t\t\t\t<div class=\"e-con-inner\">\n\t\t<div class=\"elementor-element elementor-element-97fff0f e-con-full e-flex e-con e-child\" data-id=\"97fff0f\" data-element_type=\"container\" data-e-type=\"container\">\n\t\t\t\t<div class=\"elementor-element elementor-element-74a8ad2 elementor-widget__width-initial elementor-widget elementor-widget-spacer\" data-id=\"74a8ad2\" data-element_type=\"widget\" data-e-type=\"widget\" data-widget_type=\"spacer.default\">\n\t\t\t\t<div class=\"elementor-widget-container\">\n\t\t\t\t\t\t\t<div class=\"elementor-spacer\">\n\t\t\t<div class=\"elementor-spacer-inner\"><\/div>\n\t\t<\/div>\n\t\t\t\t\t\t<\/div>\n\t\t\t\t<\/div>\n\t\t\t\t<div class=\"elementor-element elementor-element-7b25869 elementor-widget__width-initial elementor-widget-mobile__width-inherit elementor-widget elementor-widget-heading\" data-id=\"7b25869\" data-element_type=\"widget\" data-e-type=\"widget\" data-widget_type=\"heading.default\">\n\t\t\t\t<div class=\"elementor-widget-container\">\n\t\t\t\t\t<h2 class=\"elementor-heading-title elementor-size-default\">La recette d'une coop\u00e9ration r\u00e9ussie et de la confiance<\/h2>\t\t\t\t<\/div>\n\t\t\t\t<\/div>\n\t\t\t\t<div class=\"elementor-element elementor-element-8fb482a elementor-widget__width-initial elementor-widget-mobile__width-inherit elementor-widget elementor-widget-text-editor\" data-id=\"8fb482a\" data-element_type=\"widget\" data-e-type=\"widget\" data-widget_type=\"text-editor.default\">\n\t\t\t\t<div class=\"elementor-widget-container\">\n\t\t\t\t\t\t\t\t\t<p>Notre approche d&rsquo;une r\u00e9novation totale r\u00e9ussie repose sur trois piliers essentiels : la co\u00f6p\u00e9ration, la confiance et l&rsquo;intemporalit\u00e9. En travaillant en \u00e9troite collaboration avec les architectes d&rsquo;int\u00e9rieur et les entrepreneurs, nous assurons une co\u00f6rdination sans faille des travaux. En outre, nous garantissons une communication transparente et respectons votre budget et votre calendrier.<\/p>\n<p>Chez Umiblue, nous croyons aux designs intemporels qui ne sont pas influenc\u00e9s par les tendances ou les modes. Avec vous, nous choisissons des mat\u00e9riaux durables et des designs qui restent fonctionnels \u00e0 long terme. Notre objectif est de cr\u00e9er un int\u00e9rieur qui r\u00e9ponde \u00e0 vos besoins et \u00e0 vos exigences, non seulement aujourd&rsquo;hui, mais aussi \u00e0 l&rsquo;avenir. Avec Umiblue, vous \u00eates assur\u00e9 d&rsquo;une r\u00e9novation totale qui correspond parfaitement \u00e0 votre style et \u00e0 votre mode de vie.<\/p>\n\t\t\t\t\t\t\t\t<\/div>\n\t\t\t\t<\/div>\n\t\t\t\t<div class=\"elementor-element elementor-element-8f863cf elementor-widget elementor-widget-button\" data-id=\"8f863cf\" data-element_type=\"widget\" data-e-type=\"widget\" data-widget_type=\"button.default\">\n\t\t\t\t<div class=\"elementor-widget-container\">\n\t\t\t\t\t\t\t\t\t<div class=\"elementor-button-wrapper\">\n\t\t\t\t\t<a class=\"elementor-button elementor-button-link elementor-size-sm\" href=\"https:\/\/umiblue.be\/fr\/contact\/\">\n\t\t\t\t\t\t<span class=\"elementor-button-content-wrapper\">\n\t\t\t\t\t\t\t\t\t<span class=\"elementor-button-text\">Contactez nous<\/span>\n\t\t\t\t\t<\/span>\n\t\t\t\t\t<\/a>\n\t\t\t\t<\/div>\n\t\t\t\t\t\t\t\t<\/div>\n\t\t\t\t<\/div>\n\t\t\t\t<\/div>\n\t\t<div class=\"elementor-element elementor-element-0d8f401 e-con-full e-flex e-con e-child\" data-id=\"0d8f401\" data-element_type=\"container\" data-e-type=\"container\">\n\t\t\t\t<div class=\"elementor-element elementor-element-4d11539 elementor-widget elementor-widget-image\" data-id=\"4d11539\" data-element_type=\"widget\" data-e-type=\"widget\" data-widget_type=\"image.default\">\n\t\t\t\t<div class=\"elementor-widget-container\">\n\t\t\t\t\t\t\t\t\t\t\t\t\t\t\t<img loading=\"lazy\" decoding=\"async\" width=\"683\" height=\"1024\" src=\"https:\/\/umiblue.be\/wp-content\/uploads\/2024\/04\/UMIBLUE-interior-design-4-683x1024.jpg\" class=\"attachment-large size-large wp-image-34\" alt=\"\" srcset=\"https:\/\/umiblue.be\/wp-content\/uploads\/2024\/04\/UMIBLUE-interior-design-4-683x1024.jpg 683w, https:\/\/umiblue.be\/wp-content\/uploads\/2024\/04\/UMIBLUE-interior-design-4-200x300.jpg 200w, https:\/\/umiblue.be\/wp-content\/uploads\/2024\/04\/UMIBLUE-interior-design-4-768x1152.jpg 768w, https:\/\/umiblue.be\/wp-content\/uploads\/2024\/04\/UMIBLUE-interior-design-4.jpg 900w\" sizes=\"(max-width: 683px) 100vw, 683px\" \/>\t\t\t\t\t\t\t\t\t\t\t\t\t\t\t<\/div>\n\t\t\t\t<\/div>\n\t\t\t\t<\/div>\n\t\t\t\t\t<\/div>\n\t\t\t\t<\/div>\n\t\t\t\t<\/div>\n\t\t","protected":false},"excerpt":{"rendered":"<p>Vous avez envie de r\u00e9nover compl\u00e8tement votre maison ? Vous r\u00eavez d&rsquo;un int\u00e9rieur frais et moderne pour votre int\u00e9rieur? Vous \u00eates \u00e0 la recherche d&rsquo;un partenaire fiable capable de r\u00e9aliser vos projets de r\u00e9novation \u00e0 la perfection ? Chez Umiblue, vous \u00eates au bon endroit pour les r\u00e9novations totales, quelle que soit leur ampleur. Notre [&hellip;]<\/p>\n","protected":false},"author":1,"featured_media":243,"parent":0,"menu_order":0,"comment_status":"closed","ping_status":"closed","template":"","meta":{"footnotes":""},"class_list":["post-262","page","type-page","status-publish","has-post-thumbnail","hentry"],"yoast_head":"<!-- This site is optimized with the Yoast SEO plugin v27.0 - https:\/\/yoast.com\/product\/yoast-seo-wordpress\/ -->\n<title>R\u00e9novation totale professionnelle par UmiBlue \u00e0 Knokke<\/title>\n<meta name=\"description\" content=\"Pr\u00eat pour un nouveau d\u00e9part ? Faites confiance \u00e0 UmiBlue pour des r\u00e9novations totales de toute taille. D\u00e9couvrez notre \u00e9quipe exp\u00e9riment\u00e9e et nos r\u00e9sultats \u00e9poustouflants.\" \/>\n<meta name=\"robots\" content=\"index, follow, max-snippet:-1, max-image-preview:large, max-video-preview:-1\" \/>\n<link rel=\"canonical\" href=\"https:\/\/umiblue.be\/fr\/renovation-totale\/\" \/>\n<meta property=\"og:locale\" content=\"fr_FR\" \/>\n<meta property=\"og:type\" content=\"article\" \/>\n<meta property=\"og:title\" content=\"R\u00e9novation totale professionnelle par UmiBlue \u00e0 Knokke\" \/>\n<meta property=\"og:description\" content=\"Pr\u00eat pour un nouveau d\u00e9part ? Faites confiance \u00e0 UmiBlue pour des r\u00e9novations totales de toute taille. D\u00e9couvrez notre \u00e9quipe exp\u00e9riment\u00e9e et nos r\u00e9sultats \u00e9poustouflants.\" \/>\n<meta property=\"og:url\" content=\"https:\/\/umiblue.be\/fr\/renovation-totale\/\" \/>\n<meta property=\"og:site_name\" content=\"UmiBlue\" \/>\n<meta property=\"article:modified_time\" content=\"2024-10-01T17:10:20+00:00\" \/>\n<meta property=\"og:image\" content=\"https:\/\/umiblue.be\/wp-content\/uploads\/2024\/04\/favicon.png\" \/>\n\t<meta property=\"og:image:width\" content=\"128\" \/>\n\t<meta property=\"og:image:height\" content=\"130\" \/>\n\t<meta property=\"og:image:type\" content=\"image\/png\" \/>\n<meta name=\"twitter:card\" content=\"summary_large_image\" \/>\n<meta name=\"twitter:label1\" content=\"Dur\u00e9e de lecture est.\" \/>\n\t<meta name=\"twitter:data1\" content=\"3 minutes\" \/>\n<script type=\"application\/ld+json\" class=\"yoast-schema-graph\">{\"@context\":\"https:\/\/schema.org\",\"@graph\":[{\"@type\":\"WebPage\",\"@id\":\"https:\/\/umiblue.be\/fr\/renovation-totale\/\",\"url\":\"https:\/\/umiblue.be\/fr\/renovation-totale\/\",\"name\":\"R\u00e9novation totale professionnelle par UmiBlue \u00e0 Knokke\",\"isPartOf\":{\"@id\":\"https:\/\/umiblue.be\/fr\/#website\"},\"primaryImageOfPage\":{\"@id\":\"https:\/\/umiblue.be\/fr\/renovation-totale\/#primaryimage\"},\"image\":{\"@id\":\"https:\/\/umiblue.be\/fr\/renovation-totale\/#primaryimage\"},\"thumbnailUrl\":\"https:\/\/umiblue.be\/wp-content\/uploads\/2024\/04\/favicon.png\",\"datePublished\":\"2024-04-29T04:42:24+00:00\",\"dateModified\":\"2024-10-01T17:10:20+00:00\",\"description\":\"Pr\u00eat pour un nouveau d\u00e9part ? Faites confiance \u00e0 UmiBlue pour des r\u00e9novations totales de toute taille. D\u00e9couvrez notre \u00e9quipe exp\u00e9riment\u00e9e et nos r\u00e9sultats \u00e9poustouflants.\",\"breadcrumb\":{\"@id\":\"https:\/\/umiblue.be\/fr\/renovation-totale\/#breadcrumb\"},\"inLanguage\":\"fr-BE\",\"potentialAction\":[{\"@type\":\"ReadAction\",\"target\":[\"https:\/\/umiblue.be\/fr\/renovation-totale\/\"]}]},{\"@type\":\"ImageObject\",\"inLanguage\":\"fr-BE\",\"@id\":\"https:\/\/umiblue.be\/fr\/renovation-totale\/#primaryimage\",\"url\":\"https:\/\/umiblue.be\/wp-content\/uploads\/2024\/04\/favicon.png\",\"contentUrl\":\"https:\/\/umiblue.be\/wp-content\/uploads\/2024\/04\/favicon.png\",\"width\":128,\"height\":130},{\"@type\":\"BreadcrumbList\",\"@id\":\"https:\/\/umiblue.be\/fr\/renovation-totale\/#breadcrumb\",\"itemListElement\":[{\"@type\":\"ListItem\",\"position\":1,\"name\":\"Home\",\"item\":\"https:\/\/umiblue.be\/fr\/\"},{\"@type\":\"ListItem\",\"position\":2,\"name\":\"R\u00e9novation Totale\"}]},{\"@type\":\"WebSite\",\"@id\":\"https:\/\/umiblue.be\/fr\/#website\",\"url\":\"https:\/\/umiblue.be\/fr\/\",\"name\":\"UmiBlue\",\"description\":\"\",\"publisher\":{\"@id\":\"https:\/\/umiblue.be\/fr\/#organization\"},\"potentialAction\":[{\"@type\":\"SearchAction\",\"target\":{\"@type\":\"EntryPoint\",\"urlTemplate\":\"https:\/\/umiblue.be\/fr\/?s={search_term_string}\"},\"query-input\":{\"@type\":\"PropertyValueSpecification\",\"valueRequired\":true,\"valueName\":\"search_term_string\"}}],\"inLanguage\":\"fr-BE\"},{\"@type\":\"Organization\",\"@id\":\"https:\/\/umiblue.be\/fr\/#organization\",\"name\":\"UmiBlue\",\"url\":\"https:\/\/umiblue.be\/fr\/\",\"logo\":{\"@type\":\"ImageObject\",\"inLanguage\":\"fr-BE\",\"@id\":\"https:\/\/umiblue.be\/fr\/#\/schema\/logo\/image\/\",\"url\":\"https:\/\/umiblue.be\/wp-content\/uploads\/2024\/04\/UmiBlue-logo.png\",\"contentUrl\":\"https:\/\/umiblue.be\/wp-content\/uploads\/2024\/04\/UmiBlue-logo.png\",\"width\":873,\"height\":1200,\"caption\":\"UmiBlue\"},\"image\":{\"@id\":\"https:\/\/umiblue.be\/fr\/#\/schema\/logo\/image\/\"}}]}<\/script>\n<!-- \/ Yoast SEO plugin. -->","yoast_head_json":{"title":"R\u00e9novation totale professionnelle par UmiBlue \u00e0 Knokke","description":"Pr\u00eat pour un nouveau d\u00e9part ? Faites confiance \u00e0 UmiBlue pour des r\u00e9novations totales de toute taille. D\u00e9couvrez notre \u00e9quipe exp\u00e9riment\u00e9e et nos r\u00e9sultats \u00e9poustouflants.","robots":{"index":"index","follow":"follow","max-snippet":"max-snippet:-1","max-image-preview":"max-image-preview:large","max-video-preview":"max-video-preview:-1"},"canonical":"https:\/\/umiblue.be\/fr\/renovation-totale\/","og_locale":"fr_FR","og_type":"article","og_title":"R\u00e9novation totale professionnelle par UmiBlue \u00e0 Knokke","og_description":"Pr\u00eat pour un nouveau d\u00e9part ? Faites confiance \u00e0 UmiBlue pour des r\u00e9novations totales de toute taille. D\u00e9couvrez notre \u00e9quipe exp\u00e9riment\u00e9e et nos r\u00e9sultats \u00e9poustouflants.","og_url":"https:\/\/umiblue.be\/fr\/renovation-totale\/","og_site_name":"UmiBlue","article_modified_time":"2024-10-01T17:10:20+00:00","og_image":[{"width":128,"height":130,"url":"https:\/\/umiblue.be\/wp-content\/uploads\/2024\/04\/favicon.png","type":"image\/png"}],"twitter_card":"summary_large_image","twitter_misc":{"Dur\u00e9e de lecture est.":"3 minutes"},"schema":{"@context":"https:\/\/schema.org","@graph":[{"@type":"WebPage","@id":"https:\/\/umiblue.be\/fr\/renovation-totale\/","url":"https:\/\/umiblue.be\/fr\/renovation-totale\/","name":"R\u00e9novation totale professionnelle par UmiBlue \u00e0 Knokke","isPartOf":{"@id":"https:\/\/umiblue.be\/fr\/#website"},"primaryImageOfPage":{"@id":"https:\/\/umiblue.be\/fr\/renovation-totale\/#primaryimage"},"image":{"@id":"https:\/\/umiblue.be\/fr\/renovation-totale\/#primaryimage"},"thumbnailUrl":"https:\/\/umiblue.be\/wp-content\/uploads\/2024\/04\/favicon.png","datePublished":"2024-04-29T04:42:24+00:00","dateModified":"2024-10-01T17:10:20+00:00","description":"Pr\u00eat pour un nouveau d\u00e9part ? Faites confiance \u00e0 UmiBlue pour des r\u00e9novations totales de toute taille. D\u00e9couvrez notre \u00e9quipe exp\u00e9riment\u00e9e et nos r\u00e9sultats \u00e9poustouflants.","breadcrumb":{"@id":"https:\/\/umiblue.be\/fr\/renovation-totale\/#breadcrumb"},"inLanguage":"fr-BE","potentialAction":[{"@type":"ReadAction","target":["https:\/\/umiblue.be\/fr\/renovation-totale\/"]}]},{"@type":"ImageObject","inLanguage":"fr-BE","@id":"https:\/\/umiblue.be\/fr\/renovation-totale\/#primaryimage","url":"https:\/\/umiblue.be\/wp-content\/uploads\/2024\/04\/favicon.png","contentUrl":"https:\/\/umiblue.be\/wp-content\/uploads\/2024\/04\/favicon.png","width":128,"height":130},{"@type":"BreadcrumbList","@id":"https:\/\/umiblue.be\/fr\/renovation-totale\/#breadcrumb","itemListElement":[{"@type":"ListItem","position":1,"name":"Home","item":"https:\/\/umiblue.be\/fr\/"},{"@type":"ListItem","position":2,"name":"R\u00e9novation Totale"}]},{"@type":"WebSite","@id":"https:\/\/umiblue.be\/fr\/#website","url":"https:\/\/umiblue.be\/fr\/","name":"UmiBlue","description":"","publisher":{"@id":"https:\/\/umiblue.be\/fr\/#organization"},"potentialAction":[{"@type":"SearchAction","target":{"@type":"EntryPoint","urlTemplate":"https:\/\/umiblue.be\/fr\/?s={search_term_string}"},"query-input":{"@type":"PropertyValueSpecification","valueRequired":true,"valueName":"search_term_string"}}],"inLanguage":"fr-BE"},{"@type":"Organization","@id":"https:\/\/umiblue.be\/fr\/#organization","name":"UmiBlue","url":"https:\/\/umiblue.be\/fr\/","logo":{"@type":"ImageObject","inLanguage":"fr-BE","@id":"https:\/\/umiblue.be\/fr\/#\/schema\/logo\/image\/","url":"https:\/\/umiblue.be\/wp-content\/uploads\/2024\/04\/UmiBlue-logo.png","contentUrl":"https:\/\/umiblue.be\/wp-content\/uploads\/2024\/04\/UmiBlue-logo.png","width":873,"height":1200,"caption":"UmiBlue"},"image":{"@id":"https:\/\/umiblue.be\/fr\/#\/schema\/logo\/image\/"}}]}},"_links":{"self":[{"href":"https:\/\/umiblue.be\/fr\/wp-json\/wp\/v2\/pages\/262","targetHints":{"allow":["GET"]}}],"collection":[{"href":"https:\/\/umiblue.be\/fr\/wp-json\/wp\/v2\/pages"}],"about":[{"href":"https:\/\/umiblue.be\/fr\/wp-json\/wp\/v2\/types\/page"}],"author":[{"embeddable":true,"href":"https:\/\/umiblue.be\/fr\/wp-json\/wp\/v2\/users\/1"}],"replies":[{"embeddable":true,"href":"https:\/\/umiblue.be\/fr\/wp-json\/wp\/v2\/comments?post=262"}],"version-history":[{"count":4,"href":"https:\/\/umiblue.be\/fr\/wp-json\/wp\/v2\/pages\/262\/revisions"}],"predecessor-version":[{"id":284,"href":"https:\/\/umiblue.be\/fr\/wp-json\/wp\/v2\/pages\/262\/revisions\/284"}],"wp:featuredmedia":[{"embeddable":true,"href":"https:\/\/umiblue.be\/fr\/wp-json\/wp\/v2\/media\/243"}],"wp:attachment":[{"href":"https:\/\/umiblue.be\/fr\/wp-json\/wp\/v2\/media?parent=262"}],"curies":[{"name":"wp","href":"https:\/\/api.w.org\/{rel}","templated":true}]}}