{"id":260,"date":"2024-04-29T04:42:09","date_gmt":"2024-04-29T04:42:09","guid":{"rendered":"https:\/\/umiblue.be\/accueil\/"},"modified":"2024-10-01T17:08:39","modified_gmt":"2024-10-01T17:08:39","slug":"accueil","status":"publish","type":"page","link":"https:\/\/umiblue.be\/fr\/","title":{"rendered":"Accueil"},"content":{"rendered":"\t\t<div data-elementor-type=\"wp-page\" data-elementor-id=\"260\" class=\"elementor elementor-260 elementor-12\" data-elementor-post-type=\"page\">\n\t\t\t\t<div class=\"elementor-element elementor-element-09648d4 e-flex e-con-boxed e-con e-parent\" data-id=\"09648d4\" data-element_type=\"container\" data-e-type=\"container\">\n\t\t\t\t\t<div class=\"e-con-inner\">\n\t\t<div class=\"elementor-element elementor-element-0f0a1f6 e-con-full e-flex e-con e-child\" data-id=\"0f0a1f6\" data-element_type=\"container\" data-e-type=\"container\">\n\t\t\t\t<div class=\"elementor-element elementor-element-08aff8f elementor-widget elementor-widget-image\" data-id=\"08aff8f\" data-element_type=\"widget\" data-e-type=\"widget\" data-widget_type=\"image.default\">\n\t\t\t\t<div class=\"elementor-widget-container\">\n\t\t\t\t\t\t\t\t\t\t\t\t\t\t\t<img fetchpriority=\"high\" decoding=\"async\" width=\"745\" height=\"1024\" src=\"https:\/\/umiblue.be\/wp-content\/uploads\/2024\/04\/UmiBlue-logo-745x1024.png\" class=\"attachment-large size-large wp-image-28\" alt=\"\" srcset=\"https:\/\/umiblue.be\/wp-content\/uploads\/2024\/04\/UmiBlue-logo-745x1024.png 745w, https:\/\/umiblue.be\/wp-content\/uploads\/2024\/04\/UmiBlue-logo-218x300.png 218w, https:\/\/umiblue.be\/wp-content\/uploads\/2024\/04\/UmiBlue-logo-768x1056.png 768w, https:\/\/umiblue.be\/wp-content\/uploads\/2024\/04\/UmiBlue-logo.png 873w\" sizes=\"(max-width: 745px) 100vw, 745px\" \/>\t\t\t\t\t\t\t\t\t\t\t\t\t\t\t<\/div>\n\t\t\t\t<\/div>\n\t\t\t\t<div class=\"elementor-element elementor-element-2659104 elementor-widget__width-initial elementor-widget-mobile__width-inherit elementor-widget elementor-widget-heading\" data-id=\"2659104\" data-element_type=\"widget\" data-e-type=\"widget\" data-widget_type=\"heading.default\">\n\t\t\t\t<div class=\"elementor-widget-container\">\n\t\t\t\t\t<h1 class=\"elementor-heading-title elementor-size-default\">Votre destination unique pour la r\u00e9novation et la d\u00e9coration d'int\u00e9rieur<\/h1>\t\t\t\t<\/div>\n\t\t\t\t<\/div>\n\t\t\t\t<div class=\"elementor-element elementor-element-ded1b7d elementor-widget__width-initial elementor-widget-mobile__width-inherit elementor-widget elementor-widget-text-editor\" data-id=\"ded1b7d\" data-element_type=\"widget\" data-e-type=\"widget\" data-widget_type=\"text-editor.default\">\n\t\t\t\t<div class=\"elementor-widget-container\">\n\t\t\t\t\t\t\t\t\t<p>Chez UmiBlue, nous visons \u00e0 offrir une solution compl\u00e8te pour tous vos besoins en mati\u00e8re de r\u00e9novation et de d\u00e9coration d&rsquo;int\u00e9rieur. Gr\u00e2ce \u00e0 un seul partenaire et un seul point de contact, vous b\u00e9n\u00e9ficierez d&rsquo;un processus simplifi\u00e9.<\/p>\n<p>UmiBlue est votre sp\u00e9cialiste pour des projets de r\u00e9novation et de design d&rsquo;int\u00e9rieur, qu&rsquo;ils soient petits ou grands. Gr\u00e2ce \u00e0 notre vaste exp\u00e9rience, nous servons aussi bien des clients r\u00e9sidentiels que commerciaux. Nos valeurs fondamentales, le raffinement et la qualit\u00e9, constituent la base de tous nos projets.<\/p>\n\t\t\t\t\t\t\t\t<\/div>\n\t\t\t\t<\/div>\n\t\t\t\t<div class=\"elementor-element elementor-element-5d69a39 elementor-widget elementor-widget-button\" data-id=\"5d69a39\" data-element_type=\"widget\" data-e-type=\"widget\" data-widget_type=\"button.default\">\n\t\t\t\t<div class=\"elementor-widget-container\">\n\t\t\t\t\t\t\t\t\t<div class=\"elementor-button-wrapper\">\n\t\t\t\t\t<a class=\"elementor-button elementor-button-link elementor-size-sm\" href=\"https:\/\/umiblue.be\/fr\/contact\/\">\n\t\t\t\t\t\t<span class=\"elementor-button-content-wrapper\">\n\t\t\t\t\t\t\t\t\t<span class=\"elementor-button-text\">Contactez nous<\/span>\n\t\t\t\t\t<\/span>\n\t\t\t\t\t<\/a>\n\t\t\t\t<\/div>\n\t\t\t\t\t\t\t\t<\/div>\n\t\t\t\t<\/div>\n\t\t\t\t<\/div>\n\t\t<div class=\"elementor-element elementor-element-35f7946 e-con-full e-flex e-con e-child\" data-id=\"35f7946\" data-element_type=\"container\" data-e-type=\"container\">\n\t\t\t\t<div class=\"elementor-element elementor-element-138b6da elementor-widget elementor-widget-image\" data-id=\"138b6da\" data-element_type=\"widget\" data-e-type=\"widget\" data-widget_type=\"image.default\">\n\t\t\t\t<div class=\"elementor-widget-container\">\n\t\t\t\t\t\t\t\t\t\t\t\t\t\t\t<img decoding=\"async\" width=\"683\" height=\"1024\" src=\"https:\/\/umiblue.be\/wp-content\/uploads\/2024\/04\/UMIBLUE-interior-design-4-683x1024.jpg\" class=\"attachment-large size-large wp-image-34\" alt=\"\" srcset=\"https:\/\/umiblue.be\/wp-content\/uploads\/2024\/04\/UMIBLUE-interior-design-4-683x1024.jpg 683w, https:\/\/umiblue.be\/wp-content\/uploads\/2024\/04\/UMIBLUE-interior-design-4-200x300.jpg 200w, https:\/\/umiblue.be\/wp-content\/uploads\/2024\/04\/UMIBLUE-interior-design-4-768x1152.jpg 768w, https:\/\/umiblue.be\/wp-content\/uploads\/2024\/04\/UMIBLUE-interior-design-4.jpg 900w\" sizes=\"(max-width: 683px) 100vw, 683px\" \/>\t\t\t\t\t\t\t\t\t\t\t\t\t\t\t<\/div>\n\t\t\t\t<\/div>\n\t\t\t\t<\/div>\n\t\t\t\t\t<\/div>\n\t\t\t\t<\/div>\n\t\t<div class=\"elementor-element elementor-element-75355ab e-flex e-con-boxed e-con e-parent\" data-id=\"75355ab\" data-element_type=\"container\" data-e-type=\"container\">\n\t\t\t\t\t<div class=\"e-con-inner\">\n\t\t<div class=\"elementor-element elementor-element-45098c0 e-con-full e-flex e-con e-child\" data-id=\"45098c0\" data-element_type=\"container\" data-e-type=\"container\">\n\t\t\t\t<div class=\"elementor-element elementor-element-bdbace2 elementor-widget__width-initial elementor-widget elementor-widget-spacer\" data-id=\"bdbace2\" data-element_type=\"widget\" data-e-type=\"widget\" data-widget_type=\"spacer.default\">\n\t\t\t\t<div class=\"elementor-widget-container\">\n\t\t\t\t\t\t\t<div class=\"elementor-spacer\">\n\t\t\t<div class=\"elementor-spacer-inner\"><\/div>\n\t\t<\/div>\n\t\t\t\t\t\t<\/div>\n\t\t\t\t<\/div>\n\t\t\t\t<div class=\"elementor-element elementor-element-3bb0ac6 elementor-widget elementor-widget-image\" data-id=\"3bb0ac6\" data-element_type=\"widget\" data-e-type=\"widget\" data-widget_type=\"image.default\">\n\t\t\t\t<div class=\"elementor-widget-container\">\n\t\t\t\t\t\t\t\t\t\t\t\t\t\t\t<img decoding=\"async\" width=\"800\" height=\"534\" src=\"https:\/\/umiblue.be\/wp-content\/uploads\/2024\/04\/UMIBLUE-realisaties-2-1024x683.jpg\" class=\"attachment-large size-large wp-image-38\" alt=\"\" srcset=\"https:\/\/umiblue.be\/wp-content\/uploads\/2024\/04\/UMIBLUE-realisaties-2-1024x683.jpg 1024w, https:\/\/umiblue.be\/wp-content\/uploads\/2024\/04\/UMIBLUE-realisaties-2-300x200.jpg 300w, https:\/\/umiblue.be\/wp-content\/uploads\/2024\/04\/UMIBLUE-realisaties-2-768x512.jpg 768w, https:\/\/umiblue.be\/wp-content\/uploads\/2024\/04\/UMIBLUE-realisaties-2-1536x1024.jpg 1536w, https:\/\/umiblue.be\/wp-content\/uploads\/2024\/04\/UMIBLUE-realisaties-2.jpg 1800w\" sizes=\"(max-width: 800px) 100vw, 800px\" \/>\t\t\t\t\t\t\t\t\t\t\t\t\t\t\t<\/div>\n\t\t\t\t<\/div>\n\t\t\t\t<div class=\"elementor-element elementor-element-3e8ef77 elementor-widget elementor-widget-heading\" data-id=\"3e8ef77\" data-element_type=\"widget\" data-e-type=\"widget\" data-widget_type=\"heading.default\">\n\t\t\t\t<div class=\"elementor-widget-container\">\n\t\t\t\t\t<h3 class=\"elementor-heading-title elementor-size-default\">R\u00e9novation Totale<\/h3>\t\t\t\t<\/div>\n\t\t\t\t<\/div>\n\t\t\t\t<div class=\"elementor-element elementor-element-5442f08 elementor-widget__width-initial elementor-widget-mobile__width-inherit elementor-widget elementor-widget-text-editor\" data-id=\"5442f08\" data-element_type=\"widget\" data-e-type=\"widget\" data-widget_type=\"text-editor.default\">\n\t\t\t\t<div class=\"elementor-widget-container\">\n\t\t\t\t\t\t\t\t\t<p>De la d\u00e9molition \u00e0 la reconstruction, nous g\u00e9rons votre projet de r\u00e9novation de A \u00e0 Z. Avec notre \u00e9quipe exp\u00e9riment\u00e9e, nous garantissons une ex\u00e9cution fluide, o\u00f9 la qualit\u00e9 et l&rsquo;efficacit\u00e9 sont au centre de nos pr\u00e9occupations. Vous pouvez compter sur un plan d\u00e9taill\u00e9, une ex\u00e9cution pr\u00e9cise et un r\u00e9sultat final qui d\u00e9passe vos attentes.<\/p>\n\t\t\t\t\t\t\t\t<\/div>\n\t\t\t\t<\/div>\n\t\t\t\t<div class=\"elementor-element elementor-element-5f2e78d elementor-widget elementor-widget-button\" data-id=\"5f2e78d\" data-element_type=\"widget\" data-e-type=\"widget\" data-widget_type=\"button.default\">\n\t\t\t\t<div class=\"elementor-widget-container\">\n\t\t\t\t\t\t\t\t\t<div class=\"elementor-button-wrapper\">\n\t\t\t\t\t<a class=\"elementor-button elementor-button-link elementor-size-sm\" href=\"https:\/\/umiblue.be\/fr\/renovation-totale\/\">\n\t\t\t\t\t\t<span class=\"elementor-button-content-wrapper\">\n\t\t\t\t\t\t\t\t\t<span class=\"elementor-button-text\">Plus d'infos<\/span>\n\t\t\t\t\t<\/span>\n\t\t\t\t\t<\/a>\n\t\t\t\t<\/div>\n\t\t\t\t\t\t\t\t<\/div>\n\t\t\t\t<\/div>\n\t\t\t\t<\/div>\n\t\t<div class=\"elementor-element elementor-element-427d6ce e-con-full e-flex e-con e-child\" data-id=\"427d6ce\" data-element_type=\"container\" data-e-type=\"container\">\n\t\t\t\t<div class=\"elementor-element elementor-element-afe4e44 elementor-widget__width-initial elementor-widget elementor-widget-spacer\" data-id=\"afe4e44\" data-element_type=\"widget\" data-e-type=\"widget\" data-widget_type=\"spacer.default\">\n\t\t\t\t<div class=\"elementor-widget-container\">\n\t\t\t\t\t\t\t<div class=\"elementor-spacer\">\n\t\t\t<div class=\"elementor-spacer-inner\"><\/div>\n\t\t<\/div>\n\t\t\t\t\t\t<\/div>\n\t\t\t\t<\/div>\n\t\t\t\t<div class=\"elementor-element elementor-element-040e46a elementor-widget elementor-widget-image\" data-id=\"040e46a\" data-element_type=\"widget\" data-e-type=\"widget\" data-widget_type=\"image.default\">\n\t\t\t\t<div class=\"elementor-widget-container\">\n\t\t\t\t\t\t\t\t\t\t\t\t\t\t\t<img loading=\"lazy\" decoding=\"async\" width=\"800\" height=\"534\" src=\"https:\/\/umiblue.be\/wp-content\/uploads\/2024\/04\/UMIBLUE-interior-design-1-1024x683.jpg\" class=\"attachment-large size-large wp-image-31\" alt=\"\" srcset=\"https:\/\/umiblue.be\/wp-content\/uploads\/2024\/04\/UMIBLUE-interior-design-1-1024x683.jpg 1024w, https:\/\/umiblue.be\/wp-content\/uploads\/2024\/04\/UMIBLUE-interior-design-1-300x200.jpg 300w, https:\/\/umiblue.be\/wp-content\/uploads\/2024\/04\/UMIBLUE-interior-design-1-768x512.jpg 768w, https:\/\/umiblue.be\/wp-content\/uploads\/2024\/04\/UMIBLUE-interior-design-1-1536x1024.jpg 1536w, https:\/\/umiblue.be\/wp-content\/uploads\/2024\/04\/UMIBLUE-interior-design-1.jpg 1800w\" sizes=\"(max-width: 800px) 100vw, 800px\" \/>\t\t\t\t\t\t\t\t\t\t\t\t\t\t\t<\/div>\n\t\t\t\t<\/div>\n\t\t\t\t<div class=\"elementor-element elementor-element-e9b4fa9 elementor-widget elementor-widget-heading\" data-id=\"e9b4fa9\" data-element_type=\"widget\" data-e-type=\"widget\" data-widget_type=\"heading.default\">\n\t\t\t\t<div class=\"elementor-widget-container\">\n\t\t\t\t\t<h3 class=\"elementor-heading-title elementor-size-default\">D\u00e9coration d'int\u00e9rieur<\/h3>\t\t\t\t<\/div>\n\t\t\t\t<\/div>\n\t\t\t\t<div class=\"elementor-element elementor-element-851db51 elementor-widget__width-initial elementor-widget-mobile__width-inherit elementor-widget elementor-widget-text-editor\" data-id=\"851db51\" data-element_type=\"widget\" data-e-type=\"widget\" data-widget_type=\"text-editor.default\">\n\t\t\t\t<div class=\"elementor-widget-container\">\n\t\t\t\t\t\t\t\t\t<p>Donnez vie \u00e0 votre int\u00e9rieur gr\u00e2ce \u00e0 notre service de design personnalis\u00e9. De la conception \u00e0 la r\u00e9alisation, nous visons la perfection dans chaque d\u00e9tail. Notre \u00e9quipe de designers cr\u00e9atifs \u00e9coute vos souhaits et les traduit en un int\u00e9rieur \u00e9l\u00e9gant et fonctionnel qui refl\u00e8te votre personnalit\u00e9. Laissez-nous transformer votre espace en une v\u00e9ritable expression d&rsquo;\u00e9l\u00e9gance et de confort.<\/p>\n\t\t\t\t\t\t\t\t<\/div>\n\t\t\t\t<\/div>\n\t\t\t\t<div class=\"elementor-element elementor-element-2a908d5 elementor-widget elementor-widget-button\" data-id=\"2a908d5\" data-element_type=\"widget\" data-e-type=\"widget\" data-widget_type=\"button.default\">\n\t\t\t\t<div class=\"elementor-widget-container\">\n\t\t\t\t\t\t\t\t\t<div class=\"elementor-button-wrapper\">\n\t\t\t\t\t<a class=\"elementor-button elementor-button-link elementor-size-sm\" href=\"https:\/\/umiblue.be\/fr\/larchitecture-dinterieur\/\">\n\t\t\t\t\t\t<span class=\"elementor-button-content-wrapper\">\n\t\t\t\t\t\t\t\t\t<span class=\"elementor-button-text\">Plus d'infos<\/span>\n\t\t\t\t\t<\/span>\n\t\t\t\t\t<\/a>\n\t\t\t\t<\/div>\n\t\t\t\t\t\t\t\t<\/div>\n\t\t\t\t<\/div>\n\t\t\t\t<\/div>\n\t\t\t\t\t<\/div>\n\t\t\t\t<\/div>\n\t\t<div class=\"elementor-element elementor-element-7293a26 e-flex e-con-boxed e-con e-parent\" data-id=\"7293a26\" data-element_type=\"container\" data-e-type=\"container\">\n\t\t\t\t\t<div class=\"e-con-inner\">\n\t\t<div class=\"elementor-element elementor-element-67ba219 e-con-full e-flex e-con e-child\" data-id=\"67ba219\" data-element_type=\"container\" data-e-type=\"container\">\n\t\t\t\t<div class=\"elementor-element elementor-element-cdb14da elementor-widget elementor-widget-image\" data-id=\"cdb14da\" data-element_type=\"widget\" data-e-type=\"widget\" data-widget_type=\"image.default\">\n\t\t\t\t<div class=\"elementor-widget-container\">\n\t\t\t\t\t\t\t\t\t\t\t\t\t\t\t<img loading=\"lazy\" decoding=\"async\" width=\"683\" height=\"1024\" src=\"https:\/\/umiblue.be\/wp-content\/uploads\/2024\/04\/UMIBLUE-realisaties-7-683x1024.jpg\" class=\"attachment-large size-large wp-image-43\" alt=\"\" srcset=\"https:\/\/umiblue.be\/wp-content\/uploads\/2024\/04\/UMIBLUE-realisaties-7-683x1024.jpg 683w, https:\/\/umiblue.be\/wp-content\/uploads\/2024\/04\/UMIBLUE-realisaties-7-200x300.jpg 200w, https:\/\/umiblue.be\/wp-content\/uploads\/2024\/04\/UMIBLUE-realisaties-7-768x1152.jpg 768w, https:\/\/umiblue.be\/wp-content\/uploads\/2024\/04\/UMIBLUE-realisaties-7.jpg 900w\" sizes=\"(max-width: 683px) 100vw, 683px\" \/>\t\t\t\t\t\t\t\t\t\t\t\t\t\t\t<\/div>\n\t\t\t\t<\/div>\n\t\t\t\t<\/div>\n\t\t<div class=\"elementor-element elementor-element-a3c5876 e-con-full e-flex e-con e-child\" data-id=\"a3c5876\" data-element_type=\"container\" data-e-type=\"container\">\n\t\t\t\t<div class=\"elementor-element elementor-element-ba57b45 elementor-widget__width-initial elementor-widget elementor-widget-spacer\" data-id=\"ba57b45\" data-element_type=\"widget\" data-e-type=\"widget\" data-widget_type=\"spacer.default\">\n\t\t\t\t<div class=\"elementor-widget-container\">\n\t\t\t\t\t\t\t<div class=\"elementor-spacer\">\n\t\t\t<div class=\"elementor-spacer-inner\"><\/div>\n\t\t<\/div>\n\t\t\t\t\t\t<\/div>\n\t\t\t\t<\/div>\n\t\t\t\t<div class=\"elementor-element elementor-element-67e2689 elementor-widget__width-initial elementor-widget elementor-widget-heading\" data-id=\"67e2689\" data-element_type=\"widget\" data-e-type=\"widget\" data-widget_type=\"heading.default\">\n\t\t\t\t<div class=\"elementor-widget-container\">\n\t\t\t\t\t<h2 class=\"elementor-heading-title elementor-size-default\">Votre partenaire pour des projets de r\u00e9novation et d'am\u00e9nagement int\u00e9rieur.<\/h2>\t\t\t\t<\/div>\n\t\t\t\t<\/div>\n\t\t\t\t<div class=\"elementor-element elementor-element-58cddb0 elementor-widget__width-initial elementor-widget-mobile__width-inherit elementor-widget elementor-widget-text-editor\" data-id=\"58cddb0\" data-element_type=\"widget\" data-e-type=\"widget\" data-widget_type=\"text-editor.default\">\n\t\t\t\t<div class=\"elementor-widget-container\">\n\t\t\t\t\t\t\t\t\t<p>Chez UmiBlue, nous nous engageons \u00e0 offrir une solution compl\u00e8te pour tous vos besoins en mati\u00e8re de r\u00e9novation et en design d&rsquo;int\u00e9rieur. Avec un seul partenaire et un seul point de contact, vous profitez d&rsquo;un processus simplifi\u00e9.<\/p>\n<p>Situ\u00e9 au c\u0153ur de Knokke, UmiBlue est votre sp\u00e9cialiste pour les petits et grands projets de r\u00e9novation et d&rsquo;am\u00e9nagement int\u00e9rieur. Gr\u00e2ce \u00e0 notre vaste exp\u00e9rience, nous servons des clients r\u00e9sidentiels et commerciaux, tant en Belgique qu&rsquo;\u00e0 l&rsquo;\u00e9tranger. Nos valeurs fondamentales, le raffinement et la qualit\u00e9, constituent la base de tous nos projets.<\/p>\n\t\t\t\t\t\t\t\t<\/div>\n\t\t\t\t<\/div>\n\t\t\t\t<div class=\"elementor-element elementor-element-e246262 elementor-widget elementor-widget-button\" data-id=\"e246262\" data-element_type=\"widget\" data-e-type=\"widget\" data-widget_type=\"button.default\">\n\t\t\t\t<div class=\"elementor-widget-container\">\n\t\t\t\t\t\t\t\t\t<div class=\"elementor-button-wrapper\">\n\t\t\t\t\t<a class=\"elementor-button elementor-button-link elementor-size-sm\" href=\"https:\/\/umiblue.be\/fr\/contact\/\">\n\t\t\t\t\t\t<span class=\"elementor-button-content-wrapper\">\n\t\t\t\t\t\t\t\t\t<span class=\"elementor-button-text\">Contactez nous<\/span>\n\t\t\t\t\t<\/span>\n\t\t\t\t\t<\/a>\n\t\t\t\t<\/div>\n\t\t\t\t\t\t\t\t<\/div>\n\t\t\t\t<\/div>\n\t\t\t\t<\/div>\n\t\t\t\t\t<\/div>\n\t\t\t\t<\/div>\n\t\t\t\t<\/div>\n\t\t","protected":false},"excerpt":{"rendered":"<p>Votre destination unique pour la r\u00e9novation et la d\u00e9coration d&rsquo;int\u00e9rieur Chez UmiBlue, nous visons \u00e0 offrir une solution compl\u00e8te pour tous vos besoins en mati\u00e8re de r\u00e9novation et de d\u00e9coration d&rsquo;int\u00e9rieur. Gr\u00e2ce \u00e0 un seul partenaire et un seul point de contact, vous b\u00e9n\u00e9ficierez d&rsquo;un processus simplifi\u00e9. UmiBlue est votre sp\u00e9cialiste pour des projets de [&hellip;]<\/p>\n","protected":false},"author":1,"featured_media":243,"parent":0,"menu_order":0,"comment_status":"closed","ping_status":"closed","template":"","meta":{"footnotes":""},"class_list":["post-260","page","type-page","status-publish","has-post-thumbnail","hentry"],"yoast_head":"<!-- This site is optimized with the Yoast SEO plugin v27.0 - https:\/\/yoast.com\/product\/yoast-seo-wordpress\/ -->\n<title>UmiBlue : votre partenaire pour la r\u00e9novation et l&#039;am\u00e9nagement int\u00e9rieur \u00e0 Knokke<\/title>\n<meta name=\"description\" content=\"UmiBlue - votre solution unique pour la r\u00e9novation et l&#039;am\u00e9nagement int\u00e9rieur. De Knokke \u00e0 l&#039;\u00e9tranger, nous r\u00e9alisons vos projets de r\u00eave.\" \/>\n<meta name=\"robots\" content=\"index, follow, max-snippet:-1, max-image-preview:large, max-video-preview:-1\" \/>\n<link rel=\"canonical\" href=\"https:\/\/umiblue.be\/fr\/\" \/>\n<meta property=\"og:locale\" content=\"fr_FR\" \/>\n<meta property=\"og:type\" content=\"article\" \/>\n<meta property=\"og:title\" content=\"UmiBlue : votre partenaire pour la r\u00e9novation et l&#039;am\u00e9nagement int\u00e9rieur \u00e0 Knokke\" \/>\n<meta property=\"og:description\" content=\"UmiBlue - votre solution unique pour la r\u00e9novation et l&#039;am\u00e9nagement int\u00e9rieur. De Knokke \u00e0 l&#039;\u00e9tranger, nous r\u00e9alisons vos projets de r\u00eave.\" \/>\n<meta property=\"og:url\" content=\"https:\/\/umiblue.be\/fr\/\" \/>\n<meta property=\"og:site_name\" content=\"UmiBlue\" \/>\n<meta property=\"article:modified_time\" content=\"2024-10-01T17:08:39+00:00\" \/>\n<meta property=\"og:image\" content=\"https:\/\/umiblue.be\/wp-content\/uploads\/2024\/04\/favicon.png\" \/>\n\t<meta property=\"og:image:width\" content=\"128\" \/>\n\t<meta property=\"og:image:height\" content=\"130\" \/>\n\t<meta property=\"og:image:type\" content=\"image\/png\" \/>\n<meta name=\"twitter:card\" content=\"summary_large_image\" \/>\n<meta name=\"twitter:label1\" content=\"Dur\u00e9e de lecture est.\" \/>\n\t<meta name=\"twitter:data1\" content=\"3 minutes\" \/>\n<script type=\"application\/ld+json\" class=\"yoast-schema-graph\">{\"@context\":\"https:\/\/schema.org\",\"@graph\":[{\"@type\":\"WebPage\",\"@id\":\"https:\/\/umiblue.be\/fr\/\",\"url\":\"https:\/\/umiblue.be\/fr\/\",\"name\":\"UmiBlue : votre partenaire pour la r\u00e9novation et l'am\u00e9nagement int\u00e9rieur \u00e0 Knokke\",\"isPartOf\":{\"@id\":\"https:\/\/umiblue.be\/fr\/#website\"},\"primaryImageOfPage\":{\"@id\":\"https:\/\/umiblue.be\/fr\/#primaryimage\"},\"image\":{\"@id\":\"https:\/\/umiblue.be\/fr\/#primaryimage\"},\"thumbnailUrl\":\"https:\/\/umiblue.be\/wp-content\/uploads\/2024\/04\/favicon.png\",\"datePublished\":\"2024-04-29T04:42:09+00:00\",\"dateModified\":\"2024-10-01T17:08:39+00:00\",\"description\":\"UmiBlue - votre solution unique pour la r\u00e9novation et l'am\u00e9nagement int\u00e9rieur. De Knokke \u00e0 l'\u00e9tranger, nous r\u00e9alisons vos projets de r\u00eave.\",\"breadcrumb\":{\"@id\":\"https:\/\/umiblue.be\/fr\/#breadcrumb\"},\"inLanguage\":\"fr-BE\",\"potentialAction\":[{\"@type\":\"ReadAction\",\"target\":[\"https:\/\/umiblue.be\/fr\/\"]}]},{\"@type\":\"ImageObject\",\"inLanguage\":\"fr-BE\",\"@id\":\"https:\/\/umiblue.be\/fr\/#primaryimage\",\"url\":\"https:\/\/umiblue.be\/wp-content\/uploads\/2024\/04\/favicon.png\",\"contentUrl\":\"https:\/\/umiblue.be\/wp-content\/uploads\/2024\/04\/favicon.png\",\"width\":128,\"height\":130},{\"@type\":\"BreadcrumbList\",\"@id\":\"https:\/\/umiblue.be\/fr\/#breadcrumb\",\"itemListElement\":[{\"@type\":\"ListItem\",\"position\":1,\"name\":\"Home\",\"item\":\"https:\/\/umiblue.be\/fr\/\"},{\"@type\":\"ListItem\",\"position\":2,\"name\":\"Accueil\"}]},{\"@type\":\"WebSite\",\"@id\":\"https:\/\/umiblue.be\/fr\/#website\",\"url\":\"https:\/\/umiblue.be\/fr\/\",\"name\":\"UmiBlue\",\"description\":\"\",\"publisher\":{\"@id\":\"https:\/\/umiblue.be\/fr\/#organization\"},\"potentialAction\":[{\"@type\":\"SearchAction\",\"target\":{\"@type\":\"EntryPoint\",\"urlTemplate\":\"https:\/\/umiblue.be\/fr\/?s={search_term_string}\"},\"query-input\":{\"@type\":\"PropertyValueSpecification\",\"valueRequired\":true,\"valueName\":\"search_term_string\"}}],\"inLanguage\":\"fr-BE\"},{\"@type\":\"Organization\",\"@id\":\"https:\/\/umiblue.be\/fr\/#organization\",\"name\":\"UmiBlue\",\"url\":\"https:\/\/umiblue.be\/fr\/\",\"logo\":{\"@type\":\"ImageObject\",\"inLanguage\":\"fr-BE\",\"@id\":\"https:\/\/umiblue.be\/fr\/#\/schema\/logo\/image\/\",\"url\":\"https:\/\/umiblue.be\/wp-content\/uploads\/2024\/04\/UmiBlue-logo.png\",\"contentUrl\":\"https:\/\/umiblue.be\/wp-content\/uploads\/2024\/04\/UmiBlue-logo.png\",\"width\":873,\"height\":1200,\"caption\":\"UmiBlue\"},\"image\":{\"@id\":\"https:\/\/umiblue.be\/fr\/#\/schema\/logo\/image\/\"}}]}<\/script>\n<!-- \/ Yoast SEO plugin. -->","yoast_head_json":{"title":"UmiBlue : votre partenaire pour la r\u00e9novation et l'am\u00e9nagement int\u00e9rieur \u00e0 Knokke","description":"UmiBlue - votre solution unique pour la r\u00e9novation et l'am\u00e9nagement int\u00e9rieur. De Knokke \u00e0 l'\u00e9tranger, nous r\u00e9alisons vos projets de r\u00eave.","robots":{"index":"index","follow":"follow","max-snippet":"max-snippet:-1","max-image-preview":"max-image-preview:large","max-video-preview":"max-video-preview:-1"},"canonical":"https:\/\/umiblue.be\/fr\/","og_locale":"fr_FR","og_type":"article","og_title":"UmiBlue : votre partenaire pour la r\u00e9novation et l'am\u00e9nagement int\u00e9rieur \u00e0 Knokke","og_description":"UmiBlue - votre solution unique pour la r\u00e9novation et l'am\u00e9nagement int\u00e9rieur. De Knokke \u00e0 l'\u00e9tranger, nous r\u00e9alisons vos projets de r\u00eave.","og_url":"https:\/\/umiblue.be\/fr\/","og_site_name":"UmiBlue","article_modified_time":"2024-10-01T17:08:39+00:00","og_image":[{"width":128,"height":130,"url":"https:\/\/umiblue.be\/wp-content\/uploads\/2024\/04\/favicon.png","type":"image\/png"}],"twitter_card":"summary_large_image","twitter_misc":{"Dur\u00e9e de lecture est.":"3 minutes"},"schema":{"@context":"https:\/\/schema.org","@graph":[{"@type":"WebPage","@id":"https:\/\/umiblue.be\/fr\/","url":"https:\/\/umiblue.be\/fr\/","name":"UmiBlue : votre partenaire pour la r\u00e9novation et l'am\u00e9nagement int\u00e9rieur \u00e0 Knokke","isPartOf":{"@id":"https:\/\/umiblue.be\/fr\/#website"},"primaryImageOfPage":{"@id":"https:\/\/umiblue.be\/fr\/#primaryimage"},"image":{"@id":"https:\/\/umiblue.be\/fr\/#primaryimage"},"thumbnailUrl":"https:\/\/umiblue.be\/wp-content\/uploads\/2024\/04\/favicon.png","datePublished":"2024-04-29T04:42:09+00:00","dateModified":"2024-10-01T17:08:39+00:00","description":"UmiBlue - votre solution unique pour la r\u00e9novation et l'am\u00e9nagement int\u00e9rieur. De Knokke \u00e0 l'\u00e9tranger, nous r\u00e9alisons vos projets de r\u00eave.","breadcrumb":{"@id":"https:\/\/umiblue.be\/fr\/#breadcrumb"},"inLanguage":"fr-BE","potentialAction":[{"@type":"ReadAction","target":["https:\/\/umiblue.be\/fr\/"]}]},{"@type":"ImageObject","inLanguage":"fr-BE","@id":"https:\/\/umiblue.be\/fr\/#primaryimage","url":"https:\/\/umiblue.be\/wp-content\/uploads\/2024\/04\/favicon.png","contentUrl":"https:\/\/umiblue.be\/wp-content\/uploads\/2024\/04\/favicon.png","width":128,"height":130},{"@type":"BreadcrumbList","@id":"https:\/\/umiblue.be\/fr\/#breadcrumb","itemListElement":[{"@type":"ListItem","position":1,"name":"Home","item":"https:\/\/umiblue.be\/fr\/"},{"@type":"ListItem","position":2,"name":"Accueil"}]},{"@type":"WebSite","@id":"https:\/\/umiblue.be\/fr\/#website","url":"https:\/\/umiblue.be\/fr\/","name":"UmiBlue","description":"","publisher":{"@id":"https:\/\/umiblue.be\/fr\/#organization"},"potentialAction":[{"@type":"SearchAction","target":{"@type":"EntryPoint","urlTemplate":"https:\/\/umiblue.be\/fr\/?s={search_term_string}"},"query-input":{"@type":"PropertyValueSpecification","valueRequired":true,"valueName":"search_term_string"}}],"inLanguage":"fr-BE"},{"@type":"Organization","@id":"https:\/\/umiblue.be\/fr\/#organization","name":"UmiBlue","url":"https:\/\/umiblue.be\/fr\/","logo":{"@type":"ImageObject","inLanguage":"fr-BE","@id":"https:\/\/umiblue.be\/fr\/#\/schema\/logo\/image\/","url":"https:\/\/umiblue.be\/wp-content\/uploads\/2024\/04\/UmiBlue-logo.png","contentUrl":"https:\/\/umiblue.be\/wp-content\/uploads\/2024\/04\/UmiBlue-logo.png","width":873,"height":1200,"caption":"UmiBlue"},"image":{"@id":"https:\/\/umiblue.be\/fr\/#\/schema\/logo\/image\/"}}]}},"_links":{"self":[{"href":"https:\/\/umiblue.be\/fr\/wp-json\/wp\/v2\/pages\/260","targetHints":{"allow":["GET"]}}],"collection":[{"href":"https:\/\/umiblue.be\/fr\/wp-json\/wp\/v2\/pages"}],"about":[{"href":"https:\/\/umiblue.be\/fr\/wp-json\/wp\/v2\/types\/page"}],"author":[{"embeddable":true,"href":"https:\/\/umiblue.be\/fr\/wp-json\/wp\/v2\/users\/1"}],"replies":[{"embeddable":true,"href":"https:\/\/umiblue.be\/fr\/wp-json\/wp\/v2\/comments?post=260"}],"version-history":[{"count":4,"href":"https:\/\/umiblue.be\/fr\/wp-json\/wp\/v2\/pages\/260\/revisions"}],"predecessor-version":[{"id":280,"href":"https:\/\/umiblue.be\/fr\/wp-json\/wp\/v2\/pages\/260\/revisions\/280"}],"wp:featuredmedia":[{"embeddable":true,"href":"https:\/\/umiblue.be\/fr\/wp-json\/wp\/v2\/media\/243"}],"wp:attachment":[{"href":"https:\/\/umiblue.be\/fr\/wp-json\/wp\/v2\/media?parent=260"}],"curies":[{"name":"wp","href":"https:\/\/api.w.org\/{rel}","templated":true}]}}